{"id":732,"date":"2019-08-01T15:26:44","date_gmt":"2019-08-01T13:26:44","guid":{"rendered":"http:\/\/www.klaus-wienert.de\/cms\/?page_id=732"},"modified":"2020-02-27T16:47:18","modified_gmt":"2020-02-27T15:47:18","slug":"video","status":"publish","type":"page","link":"https:\/\/www.klaus-wienert.de\/cms\/video\/","title":{"rendered":"VIDEO"},"content":{"rendered":"<div id=\"pl-732\"  class=\"panel-layout\" ><div id=\"pg-732-0\"  class=\"panel-grid panel-no-style\" ><div id=\"pgc-732-0-0\"  class=\"panel-grid-cell\" ><div id=\"panel-732-0-0-0\" class=\"so-panel widget widget_text panel-first-child panel-last-child\" data-index=\"0\" >\t\t\t<div class=\"textwidget\"><h1 style=\"text-align: center;\">IMPULSVORTRAG<\/h1>\n<p style=\"text-align: center;\">Erfolgsblockaden l\u00f6sen - mit Kinesiologie<\/p><\/div>\n\t\t<\/div><\/div><\/div><div id=\"pg-732-1\"  class=\"panel-grid panel-no-style\" ><div id=\"pgc-732-1-0\"  class=\"panel-grid-cell panel-grid-cell-empty\" ><\/div><div id=\"pgc-732-1-1\"  class=\"panel-grid-cell panel-grid-cell-mobile-last\" ><div id=\"panel-732-1-1-0\" class=\"so-panel widget widget_sow-video panel-first-child panel-last-child\" data-index=\"1\" ><div\n\t\t\t\n\t\t\tclass=\"so-widget-sow-video so-widget-sow-video-default-c08170c47cfb-732\"\n\t\t\t\n\t\t>\n<div class=\"sow-video-wrapper\n\">\n\t\t\t<iframe loading=\"lazy\" title=\"Erfolgsblockaden l\u00f6sen, mit Kinesiologie \u2013 Vortrag von Klaus Wienert\" width=\"720\" height=\"405\" src=\"https:\/\/www.youtube.com\/embed\/txiYHZX8e3k?feature=oembed&enablejsapi=1\" frameborder=\"0\" allow=\"accelerometer; autoplay; clipboard-write; encrypted-media; gyroscope; picture-in-picture; web-share\" referrerpolicy=\"strict-origin-when-cross-origin\" allowfullscreen allowfullscreen mozallowfullscreen webkitallowfullscreen sandbox=\"allow-scripts allow-same-origin allow-presentation\"><\/iframe>\t<\/div>\n<\/div><\/div><\/div><div id=\"pgc-732-1-2\"  class=\"panel-grid-cell panel-grid-cell-empty\" ><\/div><\/div><div id=\"pg-732-2\"  class=\"panel-grid panel-no-style\" ><div id=\"pgc-732-2-0\"  class=\"panel-grid-cell\" ><div id=\"panel-732-2-0-0\" class=\"so-panel widget widget_sow-editor panel-first-child panel-last-child\" data-index=\"2\" ><div\n\t\t\t\n\t\t\tclass=\"so-widget-sow-editor so-widget-sow-editor-base\"\n\t\t\t\n\t\t>\n<div class=\"siteorigin-widget-tinymce textwidget\">\n\t<hr \/>\n<h1 style=\"text-align: center;\">INTERVIEW<br \/>\nThema: Erfolg und Erfolgsblockaden mit Klaus Wienert<\/h1>\n<\/div>\n<\/div><\/div><\/div><\/div><div id=\"pg-732-3\"  class=\"panel-grid panel-no-style\" ><div id=\"pgc-732-3-0\"  class=\"panel-grid-cell panel-grid-cell-empty\" ><\/div><div id=\"pgc-732-3-1\"  class=\"panel-grid-cell panel-grid-cell-mobile-last\" ><div id=\"panel-732-3-1-0\" class=\"so-panel widget widget_sow-video panel-first-child panel-last-child\" data-index=\"3\" ><div\n\t\t\t\n\t\t\tclass=\"so-widget-sow-video so-widget-sow-video-default-c08170c47cfb-732\"\n\t\t\t\n\t\t>\n<div class=\"sow-video-wrapper\n\">\n\t\t\t<iframe loading=\"lazy\" title=\"Lass quatschen! Heute \u00fcber: ERFOLG UND ERFOLGSBLOCKADEN mit Klaus Wienert\" width=\"720\" height=\"405\" src=\"https:\/\/www.youtube.com\/embed\/S62avXkFhdY?feature=oembed&enablejsapi=1\" frameborder=\"0\" allow=\"accelerometer; autoplay; clipboard-write; encrypted-media; gyroscope; picture-in-picture; web-share\" referrerpolicy=\"strict-origin-when-cross-origin\" allowfullscreen allowfullscreen mozallowfullscreen webkitallowfullscreen sandbox=\"allow-scripts allow-same-origin allow-presentation\"><\/iframe>\t<\/div>\n<\/div><\/div><\/div><div id=\"pgc-732-3-2\"  class=\"panel-grid-cell panel-grid-cell-empty\" ><\/div><\/div><div id=\"pg-732-4\"  class=\"panel-grid panel-no-style\" ><div id=\"pgc-732-4-0\"  class=\"panel-grid-cell\" ><div id=\"panel-732-4-0-0\" class=\"so-panel widget widget_sow-editor panel-first-child panel-last-child\" data-index=\"4\" ><div\n\t\t\t\n\t\t\tclass=\"so-widget-sow-editor so-widget-sow-editor-base\"\n\t\t\t\n\t\t>\n<div class=\"siteorigin-widget-tinymce textwidget\">\n\t<hr \/>\n<h1 style=\"text-align: center;\">INTERVIEW<br \/>\nThema: Kinesiologie mit Klaus Wienert<\/h1>\n<p style=\"text-align: center;\">Hierbei wird Kinesiologie erl\u00e4utert,<br \/>\nder Muskeltest gezeigt und eine kurze kinesiologische Sitzung durchgef\u00fchrt<\/p>\n<\/div>\n<\/div><\/div><\/div><\/div><div id=\"pg-732-5\"  class=\"panel-grid panel-no-style\" ><div id=\"pgc-732-5-0\"  class=\"panel-grid-cell panel-grid-cell-empty\" ><\/div><div id=\"pgc-732-5-1\"  class=\"panel-grid-cell panel-grid-cell-mobile-last\" ><div id=\"panel-732-5-1-0\" class=\"so-panel widget widget_sow-video panel-first-child panel-last-child\" data-index=\"5\" ><div\n\t\t\t\n\t\t\tclass=\"so-widget-sow-video so-widget-sow-video-default-c08170c47cfb-732\"\n\t\t\t\n\t\t>\n<div class=\"sow-video-wrapper\n\">\n\t\t\t<iframe loading=\"lazy\" title=\"Lass quatschen! STRESSABBAU und KINESIOLOGIE mit Klaus Wienert\" width=\"720\" height=\"405\" src=\"https:\/\/www.youtube.com\/embed\/84bTtBYR-7I?feature=oembed&enablejsapi=1\" frameborder=\"0\" allow=\"accelerometer; autoplay; clipboard-write; encrypted-media; gyroscope; picture-in-picture; web-share\" referrerpolicy=\"strict-origin-when-cross-origin\" allowfullscreen allowfullscreen mozallowfullscreen webkitallowfullscreen sandbox=\"allow-scripts allow-same-origin allow-presentation\"><\/iframe>\t<\/div>\n<\/div><\/div><\/div><div id=\"pgc-732-5-2\"  class=\"panel-grid-cell panel-grid-cell-empty\" ><\/div><\/div><div id=\"pg-732-6\"  class=\"panel-grid panel-no-style\" ><div id=\"pgc-732-6-0\"  class=\"panel-grid-cell\" ><div id=\"panel-732-6-0-0\" class=\"so-panel widget widget_sow-editor panel-first-child panel-last-child\" data-index=\"6\" ><div\n\t\t\t\n\t\t\tclass=\"so-widget-sow-editor so-widget-sow-editor-base\"\n\t\t\t\n\t\t>\n<div class=\"siteorigin-widget-tinymce textwidget\">\n\t<hr \/>\n<h1 style=\"text-align: center;\">INTERVIEW<br \/>\nThema: Familienaufstellung mit Klaus Wienert<\/h1>\n<p style=\"text-align: center;\">Julie Sch\u00e4fer spricht mit Klaus Wienert \u00fcber Familienaufstellung und L\u00f6sung von Verstrickungen.<br \/>\nWas ist eine Aufstellung? Wie funktioniert Aufstellungsarbeit?<\/p>\n<\/div>\n<\/div><\/div><\/div><\/div><div id=\"pg-732-7\"  class=\"panel-grid panel-no-style\" ><div id=\"pgc-732-7-0\"  class=\"panel-grid-cell panel-grid-cell-empty\" ><\/div><div id=\"pgc-732-7-1\"  class=\"panel-grid-cell panel-grid-cell-mobile-last\" ><div id=\"panel-732-7-1-0\" class=\"so-panel widget widget_sow-video panel-first-child panel-last-child\" data-index=\"7\" ><div\n\t\t\t\n\t\t\tclass=\"so-widget-sow-video so-widget-sow-video-default-c08170c47cfb-732\"\n\t\t\t\n\t\t>\n<div class=\"sow-video-wrapper\n\">\n\t\t\t<iframe loading=\"lazy\" title=\"Lass quatschen! FAMILIENAUFSTELLUNG und L\u00d6SEN VON VERSTRICKUNGEN mit Klaus Wienert\" width=\"720\" height=\"405\" src=\"https:\/\/www.youtube.com\/embed\/fMBKk2N6Kug?feature=oembed&enablejsapi=1\" frameborder=\"0\" allow=\"accelerometer; autoplay; clipboard-write; encrypted-media; gyroscope; picture-in-picture; web-share\" referrerpolicy=\"strict-origin-when-cross-origin\" allowfullscreen allowfullscreen mozallowfullscreen webkitallowfullscreen sandbox=\"allow-scripts allow-same-origin allow-presentation\"><\/iframe>\t<\/div>\n<\/div><\/div><\/div><div id=\"pgc-732-7-2\"  class=\"panel-grid-cell panel-grid-cell-empty\" ><\/div><\/div><div id=\"pg-732-8\"  class=\"panel-grid panel-no-style\" ><div id=\"pgc-732-8-0\"  class=\"panel-grid-cell\" ><div id=\"panel-732-8-0-0\" class=\"so-panel widget widget_text panel-first-child panel-last-child\" data-index=\"8\" >\t\t\t<div class=\"textwidget\"><hr \/>\n<h1 style=\"text-align: center;\">INTERVIEW<\/h1>\n<p style=\"text-align: center;\">Durch Stressreduzierung zu mehr Leistungsf\u00e4higkeit und Lebensqualit\u00e4t<\/p><\/div>\n\t\t<\/div><\/div><\/div><div id=\"pg-732-9\"  class=\"panel-grid panel-no-style\" ><div id=\"pgc-732-9-0\"  class=\"panel-grid-cell panel-grid-cell-empty\" ><\/div><div id=\"pgc-732-9-1\"  class=\"panel-grid-cell panel-grid-cell-mobile-last\" ><div id=\"panel-732-9-1-0\" class=\"so-panel widget widget_sow-video panel-first-child panel-last-child\" data-index=\"9\" ><div\n\t\t\t\n\t\t\tclass=\"so-widget-sow-video so-widget-sow-video-default-c08170c47cfb-732\"\n\t\t\t\n\t\t>\n<div class=\"sow-video-wrapper\n\">\n\t\t\t<iframe loading=\"lazy\" title=\"Kinesiologie - durch Stressabbau zu mehr Leistungsf\u00e4higkeit und Lebensqualit\u00e4t - mit Klaus Wienert\" width=\"720\" height=\"405\" src=\"https:\/\/www.youtube.com\/embed\/bvi2RyEhl5w?feature=oembed&enablejsapi=1\" frameborder=\"0\" allow=\"accelerometer; autoplay; clipboard-write; encrypted-media; gyroscope; picture-in-picture; web-share\" referrerpolicy=\"strict-origin-when-cross-origin\" allowfullscreen allowfullscreen mozallowfullscreen webkitallowfullscreen sandbox=\"allow-scripts allow-same-origin allow-presentation\"><\/iframe>\t<\/div>\n<\/div><\/div><\/div><div id=\"pgc-732-9-2\"  class=\"panel-grid-cell panel-grid-cell-empty\" ><\/div><\/div><\/div>","protected":false},"excerpt":{"rendered":"<p>IMPULSVORTRAG Erfolgsblockaden l\u00f6sen &#8211; mit Kinesiologie<\/p>\n","protected":false},"author":1,"featured_media":0,"parent":0,"menu_order":0,"comment_status":"closed","ping_status":"closed","template":"","meta":{"footnotes":""},"class_list":["post-732","page","type-page","status-publish","hentry","post"],"yoast_head":"<!-- This site is optimized with the Yoast SEO plugin v26.8 - https:\/\/yoast.com\/product\/yoast-seo-wordpress\/ -->\n<title>VIDEO - Klaus Wienert<\/title>\n<meta name=\"robots\" content=\"index, follow, max-snippet:-1, max-image-preview:large, max-video-preview:-1\" \/>\n<link rel=\"canonical\" href=\"https:\/\/www.klaus-wienert.de\/cms\/video\/\" \/>\n<meta property=\"og:locale\" content=\"de_DE\" \/>\n<meta property=\"og:type\" content=\"article\" \/>\n<meta property=\"og:title\" content=\"VIDEO - Klaus Wienert\" \/>\n<meta property=\"og:description\" content=\"IMPULSVORTRAG Erfolgsblockaden l\u00f6sen - mit Kinesiologie\" \/>\n<meta property=\"og:url\" content=\"https:\/\/www.klaus-wienert.de\/cms\/video\/\" \/>\n<meta property=\"og:site_name\" content=\"Klaus Wienert\" \/>\n<meta property=\"article:modified_time\" content=\"2020-02-27T15:47:18+00:00\" \/>\n<meta name=\"twitter:card\" content=\"summary_large_image\" \/>\n<meta name=\"twitter:label1\" content=\"Gesch\u00e4tzte Lesezeit\" \/>\n\t<meta name=\"twitter:data1\" content=\"1\u00a0Minute\" \/>\n<script type=\"application\/ld+json\" class=\"yoast-schema-graph\">{\"@context\":\"https:\/\/schema.org\",\"@graph\":[{\"@type\":\"WebPage\",\"@id\":\"https:\/\/www.klaus-wienert.de\/cms\/video\/\",\"url\":\"https:\/\/www.klaus-wienert.de\/cms\/video\/\",\"name\":\"VIDEO - Klaus Wienert\",\"isPartOf\":{\"@id\":\"https:\/\/www.klaus-wienert.de\/cms\/#website\"},\"datePublished\":\"2019-08-01T13:26:44+00:00\",\"dateModified\":\"2020-02-27T15:47:18+00:00\",\"breadcrumb\":{\"@id\":\"https:\/\/www.klaus-wienert.de\/cms\/video\/#breadcrumb\"},\"inLanguage\":\"de\",\"potentialAction\":[{\"@type\":\"ReadAction\",\"target\":[\"https:\/\/www.klaus-wienert.de\/cms\/video\/\"]}]},{\"@type\":\"BreadcrumbList\",\"@id\":\"https:\/\/www.klaus-wienert.de\/cms\/video\/#breadcrumb\",\"itemListElement\":[{\"@type\":\"ListItem\",\"position\":1,\"name\":\"Home\",\"item\":\"https:\/\/www.klaus-wienert.de\/cms\/\"},{\"@type\":\"ListItem\",\"position\":2,\"name\":\"VIDEO\"}]},{\"@type\":\"WebSite\",\"@id\":\"https:\/\/www.klaus-wienert.de\/cms\/#website\",\"url\":\"https:\/\/www.klaus-wienert.de\/cms\/\",\"name\":\"Klaus Wienert\",\"description\":\"Licht-Gesundheit-Energie Zentrum\",\"potentialAction\":[{\"@type\":\"SearchAction\",\"target\":{\"@type\":\"EntryPoint\",\"urlTemplate\":\"https:\/\/www.klaus-wienert.de\/cms\/?s={search_term_string}\"},\"query-input\":{\"@type\":\"PropertyValueSpecification\",\"valueRequired\":true,\"valueName\":\"search_term_string\"}}],\"inLanguage\":\"de\"}]}<\/script>\n<!-- \/ Yoast SEO plugin. -->","yoast_head_json":{"title":"VIDEO - Klaus Wienert","robots":{"index":"index","follow":"follow","max-snippet":"max-snippet:-1","max-image-preview":"max-image-preview:large","max-video-preview":"max-video-preview:-1"},"canonical":"https:\/\/www.klaus-wienert.de\/cms\/video\/","og_locale":"de_DE","og_type":"article","og_title":"VIDEO - Klaus Wienert","og_description":"IMPULSVORTRAG Erfolgsblockaden l\u00f6sen - mit Kinesiologie","og_url":"https:\/\/www.klaus-wienert.de\/cms\/video\/","og_site_name":"Klaus Wienert","article_modified_time":"2020-02-27T15:47:18+00:00","twitter_card":"summary_large_image","twitter_misc":{"Gesch\u00e4tzte Lesezeit":"1\u00a0Minute"},"schema":{"@context":"https:\/\/schema.org","@graph":[{"@type":"WebPage","@id":"https:\/\/www.klaus-wienert.de\/cms\/video\/","url":"https:\/\/www.klaus-wienert.de\/cms\/video\/","name":"VIDEO - Klaus Wienert","isPartOf":{"@id":"https:\/\/www.klaus-wienert.de\/cms\/#website"},"datePublished":"2019-08-01T13:26:44+00:00","dateModified":"2020-02-27T15:47:18+00:00","breadcrumb":{"@id":"https:\/\/www.klaus-wienert.de\/cms\/video\/#breadcrumb"},"inLanguage":"de","potentialAction":[{"@type":"ReadAction","target":["https:\/\/www.klaus-wienert.de\/cms\/video\/"]}]},{"@type":"BreadcrumbList","@id":"https:\/\/www.klaus-wienert.de\/cms\/video\/#breadcrumb","itemListElement":[{"@type":"ListItem","position":1,"name":"Home","item":"https:\/\/www.klaus-wienert.de\/cms\/"},{"@type":"ListItem","position":2,"name":"VIDEO"}]},{"@type":"WebSite","@id":"https:\/\/www.klaus-wienert.de\/cms\/#website","url":"https:\/\/www.klaus-wienert.de\/cms\/","name":"Klaus Wienert","description":"Licht-Gesundheit-Energie Zentrum","potentialAction":[{"@type":"SearchAction","target":{"@type":"EntryPoint","urlTemplate":"https:\/\/www.klaus-wienert.de\/cms\/?s={search_term_string}"},"query-input":{"@type":"PropertyValueSpecification","valueRequired":true,"valueName":"search_term_string"}}],"inLanguage":"de"}]}},"_links":{"self":[{"href":"https:\/\/www.klaus-wienert.de\/cms\/wp-json\/wp\/v2\/pages\/732","targetHints":{"allow":["GET"]}}],"collection":[{"href":"https:\/\/www.klaus-wienert.de\/cms\/wp-json\/wp\/v2\/pages"}],"about":[{"href":"https:\/\/www.klaus-wienert.de\/cms\/wp-json\/wp\/v2\/types\/page"}],"author":[{"embeddable":true,"href":"https:\/\/www.klaus-wienert.de\/cms\/wp-json\/wp\/v2\/users\/1"}],"replies":[{"embeddable":true,"href":"https:\/\/www.klaus-wienert.de\/cms\/wp-json\/wp\/v2\/comments?post=732"}],"version-history":[{"count":16,"href":"https:\/\/www.klaus-wienert.de\/cms\/wp-json\/wp\/v2\/pages\/732\/revisions"}],"predecessor-version":[{"id":784,"href":"https:\/\/www.klaus-wienert.de\/cms\/wp-json\/wp\/v2\/pages\/732\/revisions\/784"}],"wp:attachment":[{"href":"https:\/\/www.klaus-wienert.de\/cms\/wp-json\/wp\/v2\/media?parent=732"}],"curies":[{"name":"wp","href":"https:\/\/api.w.org\/{rel}","templated":true}]}}