{"id":703,"date":"2018-07-13T11:03:57","date_gmt":"2018-07-13T09:03:57","guid":{"rendered":"http:\/\/www.klaus-wienert.de\/cms\/?page_id=703"},"modified":"2018-07-13T11:05:02","modified_gmt":"2018-07-13T09:05:02","slug":"audio-cd","status":"publish","type":"page","link":"https:\/\/www.klaus-wienert.de\/cms\/audio-cd\/","title":{"rendered":"AUDIO-CD"},"content":{"rendered":"<h4>K.D. Project<\/h4>\n<p><img loading=\"lazy\" decoding=\"async\" class=\"alignright wp-image-5645 size-medium\" src=\"https:\/\/www.licht-gesundheit-energie.de\/wpcms\/wp-content\/uploads\/2018\/02\/CD-KD-Project-Inguz-Cover-300x300.jpg\" alt=\"\" width=\"300\" height=\"300\" \/><\/p>\n<p><em>Das erste CD Album von Klaus Wienert und Dieter Flechtenmacher<\/em><\/p>\n<p>Urspr\u00fcnglich wollten sie Musiker werden \u2013 der eine in Deutschland, der andere in \u00d6sterreich. Dann f\u00fchrten ihre Wege in die alternative Medizin und Bewusstseinsforschung. Und w\u00e4hrend sie in ihren Arbeitsfeldern flei\u00dfig agierten, entstand ein CD-Herzensprojekt namens \u201einguz\u201c.<\/p>\n<p>Die Musik von K.D. Project bewegt sich zwischen Electro, Ambient und Dance, immer durchzogen mit dem von Klaus Wienert vielf\u00e4ltig gespielten Didgeridoo<\/p>\n<p style=\"text-align: left;\"><strong>F\u00fcr weitere CD und K\u00fcnstlerinformationen: &lt;<a href=\"https:\/\/www.licht-gesundheit-energie.de\/wpcms\/wp-content\/uploads\/2018\/02\/CD-und-K\u00fcnstlerinfo-K.D.-Project.pdf\" target=\"_blank\" rel=\"noopener\">pdf herunterladen<\/a>&gt;<br \/>\n<\/strong><\/p>\n<p style=\"text-align: left;\"><strong>Hier geht\u00b4s zum Shop: &lt;<a href=\"http:\/\/licht-gesundheit-energie-shop.de\/produkt\/k-d-project-inguz-dance-electro-didgeridoo\/\" target=\"_blank\" rel=\"noopener\">Licht-Gesundheit-Energie Shop<\/a>&gt;<br \/>\nund hier k\u00f6nnen Sie die CD bei Amazon online bestellen: &lt;<a href=\"https:\/\/www.amazon.de\/ingunz-K-D-Project\/dp\/B0792D8L1Q\" target=\"_blank\" rel=\"noopener\">K. D. Project bei Amazon<\/a>&gt;<\/strong><\/p>\n<p>&nbsp;<\/p>\n<p><a href=\"https:\/\/www.licht-gesundheit-energie.de\/wpcms\/wp-content\/uploads\/2018\/03\/Freizeitschrift-Ausg-42-2018.pdf\" target=\"_blank\" rel=\"noopener\"><img loading=\"lazy\" decoding=\"async\" class=\"size-full wp-image-5944 alignleft\" src=\"https:\/\/www.licht-gesundheit-energie.de\/wpcms\/wp-content\/uploads\/2018\/03\/Freizeitschrift-Ausg-42-2018-kl.jpg\" alt=\"\" width=\"125\" height=\"177\" \/><\/a><\/p>\n<p>&nbsp;<\/p>\n<p><span style=\"color: #cc0049;\"><strong>CD Rezension aus der Freizeitschrift M\u00e4rz 2018<\/strong><\/span><br \/>\n&lt; <a href=\"https:\/\/www.licht-gesundheit-energie.de\/wpcms\/wp-content\/uploads\/2018\/03\/Freizeitschrift-Ausg-42-2018.pdf\" target=\"_blank\" rel=\"noopener\">PDF herunterladen<\/a> &gt;<\/p>\n<p>&nbsp;<\/p>\n","protected":false},"excerpt":{"rendered":"<p>K.D. Project Das erste CD Album von Klaus Wienert und Dieter Flechtenmacher Urspr\u00fcnglich wollten sie Musiker werden \u2013 der eine in Deutschland, der andere in \u00d6sterreich. Dann f\u00fchrten ihre Wege in die alternative Medizin und Bewusstseinsforschung. Und w\u00e4hrend sie in ihren Arbeitsfeldern flei\u00dfig agierten, entstand ein CD-Herzensprojekt namens \u201einguz\u201c. Die Musik von K.D. Project bewegt [&hellip;]<\/p>\n","protected":false},"author":1,"featured_media":0,"parent":0,"menu_order":0,"comment_status":"closed","ping_status":"closed","template":"","meta":{"footnotes":""},"class_list":["post-703","page","type-page","status-publish","hentry","post"],"yoast_head":"<!-- This site is optimized with the Yoast SEO plugin v26.8 - https:\/\/yoast.com\/product\/yoast-seo-wordpress\/ -->\n<title>AUDIO-CD - Klaus Wienert<\/title>\n<meta name=\"robots\" content=\"index, follow, max-snippet:-1, max-image-preview:large, max-video-preview:-1\" \/>\n<link rel=\"canonical\" href=\"https:\/\/www.klaus-wienert.de\/cms\/audio-cd\/\" \/>\n<meta property=\"og:locale\" content=\"de_DE\" \/>\n<meta property=\"og:type\" content=\"article\" \/>\n<meta property=\"og:title\" content=\"AUDIO-CD - Klaus Wienert\" \/>\n<meta property=\"og:description\" content=\"K.D. Project Das erste CD Album von Klaus Wienert und Dieter Flechtenmacher Urspr\u00fcnglich wollten sie Musiker werden \u2013 der eine in Deutschland, der andere in \u00d6sterreich. Dann f\u00fchrten ihre Wege in die alternative Medizin und Bewusstseinsforschung. Und w\u00e4hrend sie in ihren Arbeitsfeldern flei\u00dfig agierten, entstand ein CD-Herzensprojekt namens \u201einguz\u201c. Die Musik von K.D. Project bewegt [&hellip;]\" \/>\n<meta property=\"og:url\" content=\"https:\/\/www.klaus-wienert.de\/cms\/audio-cd\/\" \/>\n<meta property=\"og:site_name\" content=\"Klaus Wienert\" \/>\n<meta property=\"article:modified_time\" content=\"2018-07-13T09:05:02+00:00\" \/>\n<meta property=\"og:image\" content=\"https:\/\/www.licht-gesundheit-energie.de\/wpcms\/wp-content\/uploads\/2018\/02\/CD-KD-Project-Inguz-Cover-300x300.jpg\" \/>\n<meta name=\"twitter:card\" content=\"summary_large_image\" \/>\n<meta name=\"twitter:label1\" content=\"Gesch\u00e4tzte Lesezeit\" \/>\n\t<meta name=\"twitter:data1\" content=\"1\u00a0Minute\" \/>\n<script type=\"application\/ld+json\" class=\"yoast-schema-graph\">{\"@context\":\"https:\/\/schema.org\",\"@graph\":[{\"@type\":\"WebPage\",\"@id\":\"https:\/\/www.klaus-wienert.de\/cms\/audio-cd\/\",\"url\":\"https:\/\/www.klaus-wienert.de\/cms\/audio-cd\/\",\"name\":\"AUDIO-CD - Klaus Wienert\",\"isPartOf\":{\"@id\":\"https:\/\/www.klaus-wienert.de\/cms\/#website\"},\"primaryImageOfPage\":{\"@id\":\"https:\/\/www.klaus-wienert.de\/cms\/audio-cd\/#primaryimage\"},\"image\":{\"@id\":\"https:\/\/www.klaus-wienert.de\/cms\/audio-cd\/#primaryimage\"},\"thumbnailUrl\":\"https:\/\/www.licht-gesundheit-energie.de\/wpcms\/wp-content\/uploads\/2018\/02\/CD-KD-Project-Inguz-Cover-300x300.jpg\",\"datePublished\":\"2018-07-13T09:03:57+00:00\",\"dateModified\":\"2018-07-13T09:05:02+00:00\",\"breadcrumb\":{\"@id\":\"https:\/\/www.klaus-wienert.de\/cms\/audio-cd\/#breadcrumb\"},\"inLanguage\":\"de\",\"potentialAction\":[{\"@type\":\"ReadAction\",\"target\":[\"https:\/\/www.klaus-wienert.de\/cms\/audio-cd\/\"]}]},{\"@type\":\"ImageObject\",\"inLanguage\":\"de\",\"@id\":\"https:\/\/www.klaus-wienert.de\/cms\/audio-cd\/#primaryimage\",\"url\":\"https:\/\/www.licht-gesundheit-energie.de\/wpcms\/wp-content\/uploads\/2018\/02\/CD-KD-Project-Inguz-Cover-300x300.jpg\",\"contentUrl\":\"https:\/\/www.licht-gesundheit-energie.de\/wpcms\/wp-content\/uploads\/2018\/02\/CD-KD-Project-Inguz-Cover-300x300.jpg\"},{\"@type\":\"BreadcrumbList\",\"@id\":\"https:\/\/www.klaus-wienert.de\/cms\/audio-cd\/#breadcrumb\",\"itemListElement\":[{\"@type\":\"ListItem\",\"position\":1,\"name\":\"Home\",\"item\":\"https:\/\/www.klaus-wienert.de\/cms\/\"},{\"@type\":\"ListItem\",\"position\":2,\"name\":\"AUDIO-CD\"}]},{\"@type\":\"WebSite\",\"@id\":\"https:\/\/www.klaus-wienert.de\/cms\/#website\",\"url\":\"https:\/\/www.klaus-wienert.de\/cms\/\",\"name\":\"Klaus Wienert\",\"description\":\"Licht-Gesundheit-Energie Zentrum\",\"potentialAction\":[{\"@type\":\"SearchAction\",\"target\":{\"@type\":\"EntryPoint\",\"urlTemplate\":\"https:\/\/www.klaus-wienert.de\/cms\/?s={search_term_string}\"},\"query-input\":{\"@type\":\"PropertyValueSpecification\",\"valueRequired\":true,\"valueName\":\"search_term_string\"}}],\"inLanguage\":\"de\"}]}<\/script>\n<!-- \/ Yoast SEO plugin. -->","yoast_head_json":{"title":"AUDIO-CD - Klaus Wienert","robots":{"index":"index","follow":"follow","max-snippet":"max-snippet:-1","max-image-preview":"max-image-preview:large","max-video-preview":"max-video-preview:-1"},"canonical":"https:\/\/www.klaus-wienert.de\/cms\/audio-cd\/","og_locale":"de_DE","og_type":"article","og_title":"AUDIO-CD - Klaus Wienert","og_description":"K.D. Project Das erste CD Album von Klaus Wienert und Dieter Flechtenmacher Urspr\u00fcnglich wollten sie Musiker werden \u2013 der eine in Deutschland, der andere in \u00d6sterreich. Dann f\u00fchrten ihre Wege in die alternative Medizin und Bewusstseinsforschung. Und w\u00e4hrend sie in ihren Arbeitsfeldern flei\u00dfig agierten, entstand ein CD-Herzensprojekt namens \u201einguz\u201c. Die Musik von K.D. Project bewegt [&hellip;]","og_url":"https:\/\/www.klaus-wienert.de\/cms\/audio-cd\/","og_site_name":"Klaus Wienert","article_modified_time":"2018-07-13T09:05:02+00:00","og_image":[{"url":"https:\/\/www.licht-gesundheit-energie.de\/wpcms\/wp-content\/uploads\/2018\/02\/CD-KD-Project-Inguz-Cover-300x300.jpg","type":"","width":"","height":""}],"twitter_card":"summary_large_image","twitter_misc":{"Gesch\u00e4tzte Lesezeit":"1\u00a0Minute"},"schema":{"@context":"https:\/\/schema.org","@graph":[{"@type":"WebPage","@id":"https:\/\/www.klaus-wienert.de\/cms\/audio-cd\/","url":"https:\/\/www.klaus-wienert.de\/cms\/audio-cd\/","name":"AUDIO-CD - Klaus Wienert","isPartOf":{"@id":"https:\/\/www.klaus-wienert.de\/cms\/#website"},"primaryImageOfPage":{"@id":"https:\/\/www.klaus-wienert.de\/cms\/audio-cd\/#primaryimage"},"image":{"@id":"https:\/\/www.klaus-wienert.de\/cms\/audio-cd\/#primaryimage"},"thumbnailUrl":"https:\/\/www.licht-gesundheit-energie.de\/wpcms\/wp-content\/uploads\/2018\/02\/CD-KD-Project-Inguz-Cover-300x300.jpg","datePublished":"2018-07-13T09:03:57+00:00","dateModified":"2018-07-13T09:05:02+00:00","breadcrumb":{"@id":"https:\/\/www.klaus-wienert.de\/cms\/audio-cd\/#breadcrumb"},"inLanguage":"de","potentialAction":[{"@type":"ReadAction","target":["https:\/\/www.klaus-wienert.de\/cms\/audio-cd\/"]}]},{"@type":"ImageObject","inLanguage":"de","@id":"https:\/\/www.klaus-wienert.de\/cms\/audio-cd\/#primaryimage","url":"https:\/\/www.licht-gesundheit-energie.de\/wpcms\/wp-content\/uploads\/2018\/02\/CD-KD-Project-Inguz-Cover-300x300.jpg","contentUrl":"https:\/\/www.licht-gesundheit-energie.de\/wpcms\/wp-content\/uploads\/2018\/02\/CD-KD-Project-Inguz-Cover-300x300.jpg"},{"@type":"BreadcrumbList","@id":"https:\/\/www.klaus-wienert.de\/cms\/audio-cd\/#breadcrumb","itemListElement":[{"@type":"ListItem","position":1,"name":"Home","item":"https:\/\/www.klaus-wienert.de\/cms\/"},{"@type":"ListItem","position":2,"name":"AUDIO-CD"}]},{"@type":"WebSite","@id":"https:\/\/www.klaus-wienert.de\/cms\/#website","url":"https:\/\/www.klaus-wienert.de\/cms\/","name":"Klaus Wienert","description":"Licht-Gesundheit-Energie Zentrum","potentialAction":[{"@type":"SearchAction","target":{"@type":"EntryPoint","urlTemplate":"https:\/\/www.klaus-wienert.de\/cms\/?s={search_term_string}"},"query-input":{"@type":"PropertyValueSpecification","valueRequired":true,"valueName":"search_term_string"}}],"inLanguage":"de"}]}},"_links":{"self":[{"href":"https:\/\/www.klaus-wienert.de\/cms\/wp-json\/wp\/v2\/pages\/703","targetHints":{"allow":["GET"]}}],"collection":[{"href":"https:\/\/www.klaus-wienert.de\/cms\/wp-json\/wp\/v2\/pages"}],"about":[{"href":"https:\/\/www.klaus-wienert.de\/cms\/wp-json\/wp\/v2\/types\/page"}],"author":[{"embeddable":true,"href":"https:\/\/www.klaus-wienert.de\/cms\/wp-json\/wp\/v2\/users\/1"}],"replies":[{"embeddable":true,"href":"https:\/\/www.klaus-wienert.de\/cms\/wp-json\/wp\/v2\/comments?post=703"}],"version-history":[{"count":4,"href":"https:\/\/www.klaus-wienert.de\/cms\/wp-json\/wp\/v2\/pages\/703\/revisions"}],"predecessor-version":[{"id":707,"href":"https:\/\/www.klaus-wienert.de\/cms\/wp-json\/wp\/v2\/pages\/703\/revisions\/707"}],"wp:attachment":[{"href":"https:\/\/www.klaus-wienert.de\/cms\/wp-json\/wp\/v2\/media?parent=703"}],"curies":[{"name":"wp","href":"https:\/\/api.w.org\/{rel}","templated":true}]}}