{"id":356,"date":"2015-12-10T13:36:13","date_gmt":"2015-12-10T12:36:13","guid":{"rendered":"http:\/\/www.klaus-wienert.de\/cms\/?page_id=356"},"modified":"2016-03-01T12:12:58","modified_gmt":"2016-03-01T11:12:58","slug":"das-zentrum","status":"publish","type":"page","link":"https:\/\/www.klaus-wienert.de\/cms\/das-zentrum\/","title":{"rendered":"LICHT &#8211; GESUNDHEIT &#8211; ENERGIE  ZENTRUM"},"content":{"rendered":"<p><img loading=\"lazy\" decoding=\"async\" class=\"alignright size-medium wp-image-231\" src=\"https:\/\/www.klaus-wienert.de\/cms\/wp-content\/uploads\/2015\/12\/zentrum_01-300x200.jpg\" alt=\"zentrum_01\" width=\"300\" height=\"200\" srcset=\"https:\/\/www.klaus-wienert.de\/cms\/wp-content\/uploads\/2015\/12\/zentrum_01-300x200.jpg 300w, https:\/\/www.klaus-wienert.de\/cms\/wp-content\/uploads\/2015\/12\/zentrum_01-272x182.jpg 272w, https:\/\/www.klaus-wienert.de\/cms\/wp-content\/uploads\/2015\/12\/zentrum_01.jpg 600w\" sizes=\"auto, (max-width: 300px) 100vw, 300px\" \/><strong>Das Zentrum befindet sich in Gr\u00e4felfing, im Westen M\u00fcnchens. Als Ort der Begegnung, an dem Wachstum, Entwicklung, Lernen und Heilung stattfinden k\u00f6nnen, l\u00e4dt es Sie ein, sich im eigenen Tempo auf die Reise zu sich selbst und ins Leben zu begeben.<\/strong><\/p>\n<p>Seminare, Ausbildungen und Aufstellungen finden in hellen, gro\u00dfen und freundlichen R\u00e4umen statt. Auch f\u00fcr Workshops, Teamtreffen und andere Veranstaltungen stehen Ihnen unsere sch\u00f6nen R\u00e4umlichkeiten zur Verf\u00fcgung.<\/p>\n<p>Unsere erfahrene Praxisgemeinschaft bietet Ihnen in Einzelsitzungen und Behandlungen in unseren individuell gestalteten R\u00e4umen einen geborgenen Rahmen f\u00fcr Ihre pers\u00f6nlichen Themen, Anliegen und Ziele.<\/p>\n<p>Informationen und pers\u00f6nliche Beratung erhalten Sie \u00fcber unser B\u00fcro. In unserem<br \/>\nZentrums-Laden finden Sie zu den genannten Themen ein breites Spektrum an Literatur und Accessoires.<\/p>\n<p>Wir freuen uns darauf, Sie bei uns begr\u00fc\u00dfen zu d\u00fcrfen.<\/p>\n<p><a href=\"http:\/\/www.licht-gesundheit-energie.de\" target=\"_blank\">Zum Zentrum: www.licht-gesundheit-energie.de<\/a><\/p>\n","protected":false},"excerpt":{"rendered":"<p>Das Zentrum befindet sich in Gr\u00e4felfing, im Westen M\u00fcnchens. Als Ort der Begegnung, an dem Wachstum, Entwicklung, Lernen und Heilung stattfinden k\u00f6nnen, l\u00e4dt es Sie ein, sich im eigenen Tempo auf die Reise zu sich selbst und ins Leben zu begeben. Seminare, Ausbildungen und Aufstellungen finden in hellen, gro\u00dfen und freundlichen R\u00e4umen statt. Auch f\u00fcr [&hellip;]<\/p>\n","protected":false},"author":1,"featured_media":0,"parent":0,"menu_order":0,"comment_status":"closed","ping_status":"closed","template":"","meta":{"footnotes":""},"class_list":["post-356","page","type-page","status-publish","hentry","post"],"yoast_head":"<!-- This site is optimized with the Yoast SEO plugin v26.8 - https:\/\/yoast.com\/product\/yoast-seo-wordpress\/ -->\n<title>LICHT - GESUNDHEIT - ENERGIE ZENTRUM - Klaus Wienert<\/title>\n<meta name=\"robots\" content=\"index, follow, max-snippet:-1, max-image-preview:large, max-video-preview:-1\" \/>\n<link rel=\"canonical\" href=\"https:\/\/www.klaus-wienert.de\/cms\/das-zentrum\/\" \/>\n<meta property=\"og:locale\" content=\"de_DE\" \/>\n<meta property=\"og:type\" content=\"article\" \/>\n<meta property=\"og:title\" content=\"LICHT - GESUNDHEIT - ENERGIE ZENTRUM - Klaus Wienert\" \/>\n<meta property=\"og:description\" content=\"Das Zentrum befindet sich in Gr\u00e4felfing, im Westen M\u00fcnchens. Als Ort der Begegnung, an dem Wachstum, Entwicklung, Lernen und Heilung stattfinden k\u00f6nnen, l\u00e4dt es Sie ein, sich im eigenen Tempo auf die Reise zu sich selbst und ins Leben zu begeben. Seminare, Ausbildungen und Aufstellungen finden in hellen, gro\u00dfen und freundlichen R\u00e4umen statt. Auch f\u00fcr [&hellip;]\" \/>\n<meta property=\"og:url\" content=\"https:\/\/www.klaus-wienert.de\/cms\/das-zentrum\/\" \/>\n<meta property=\"og:site_name\" content=\"Klaus Wienert\" \/>\n<meta property=\"article:modified_time\" content=\"2016-03-01T11:12:58+00:00\" \/>\n<meta property=\"og:image\" content=\"https:\/\/www.klaus-wienert.de\/cms\/wp-content\/uploads\/2015\/12\/zentrum_01-300x200.jpg\" \/>\n<meta name=\"twitter:card\" content=\"summary_large_image\" \/>\n<meta name=\"twitter:label1\" content=\"Gesch\u00e4tzte Lesezeit\" \/>\n\t<meta name=\"twitter:data1\" content=\"1\u00a0Minute\" \/>\n<script type=\"application\/ld+json\" class=\"yoast-schema-graph\">{\"@context\":\"https:\/\/schema.org\",\"@graph\":[{\"@type\":\"WebPage\",\"@id\":\"https:\/\/www.klaus-wienert.de\/cms\/das-zentrum\/\",\"url\":\"https:\/\/www.klaus-wienert.de\/cms\/das-zentrum\/\",\"name\":\"LICHT - GESUNDHEIT - ENERGIE ZENTRUM - Klaus Wienert\",\"isPartOf\":{\"@id\":\"https:\/\/www.klaus-wienert.de\/cms\/#website\"},\"primaryImageOfPage\":{\"@id\":\"https:\/\/www.klaus-wienert.de\/cms\/das-zentrum\/#primaryimage\"},\"image\":{\"@id\":\"https:\/\/www.klaus-wienert.de\/cms\/das-zentrum\/#primaryimage\"},\"thumbnailUrl\":\"https:\/\/www.klaus-wienert.de\/cms\/wp-content\/uploads\/2015\/12\/zentrum_01-300x200.jpg\",\"datePublished\":\"2015-12-10T12:36:13+00:00\",\"dateModified\":\"2016-03-01T11:12:58+00:00\",\"breadcrumb\":{\"@id\":\"https:\/\/www.klaus-wienert.de\/cms\/das-zentrum\/#breadcrumb\"},\"inLanguage\":\"de\",\"potentialAction\":[{\"@type\":\"ReadAction\",\"target\":[\"https:\/\/www.klaus-wienert.de\/cms\/das-zentrum\/\"]}]},{\"@type\":\"ImageObject\",\"inLanguage\":\"de\",\"@id\":\"https:\/\/www.klaus-wienert.de\/cms\/das-zentrum\/#primaryimage\",\"url\":\"https:\/\/www.klaus-wienert.de\/cms\/wp-content\/uploads\/2015\/12\/zentrum_01.jpg\",\"contentUrl\":\"https:\/\/www.klaus-wienert.de\/cms\/wp-content\/uploads\/2015\/12\/zentrum_01.jpg\",\"width\":600,\"height\":399},{\"@type\":\"BreadcrumbList\",\"@id\":\"https:\/\/www.klaus-wienert.de\/cms\/das-zentrum\/#breadcrumb\",\"itemListElement\":[{\"@type\":\"ListItem\",\"position\":1,\"name\":\"Home\",\"item\":\"https:\/\/www.klaus-wienert.de\/cms\/\"},{\"@type\":\"ListItem\",\"position\":2,\"name\":\"LICHT &#8211; GESUNDHEIT &#8211; ENERGIE ZENTRUM\"}]},{\"@type\":\"WebSite\",\"@id\":\"https:\/\/www.klaus-wienert.de\/cms\/#website\",\"url\":\"https:\/\/www.klaus-wienert.de\/cms\/\",\"name\":\"Klaus Wienert\",\"description\":\"Licht-Gesundheit-Energie Zentrum\",\"potentialAction\":[{\"@type\":\"SearchAction\",\"target\":{\"@type\":\"EntryPoint\",\"urlTemplate\":\"https:\/\/www.klaus-wienert.de\/cms\/?s={search_term_string}\"},\"query-input\":{\"@type\":\"PropertyValueSpecification\",\"valueRequired\":true,\"valueName\":\"search_term_string\"}}],\"inLanguage\":\"de\"}]}<\/script>\n<!-- \/ Yoast SEO plugin. -->","yoast_head_json":{"title":"LICHT - GESUNDHEIT - ENERGIE ZENTRUM - Klaus Wienert","robots":{"index":"index","follow":"follow","max-snippet":"max-snippet:-1","max-image-preview":"max-image-preview:large","max-video-preview":"max-video-preview:-1"},"canonical":"https:\/\/www.klaus-wienert.de\/cms\/das-zentrum\/","og_locale":"de_DE","og_type":"article","og_title":"LICHT - GESUNDHEIT - ENERGIE ZENTRUM - Klaus Wienert","og_description":"Das Zentrum befindet sich in Gr\u00e4felfing, im Westen M\u00fcnchens. Als Ort der Begegnung, an dem Wachstum, Entwicklung, Lernen und Heilung stattfinden k\u00f6nnen, l\u00e4dt es Sie ein, sich im eigenen Tempo auf die Reise zu sich selbst und ins Leben zu begeben. Seminare, Ausbildungen und Aufstellungen finden in hellen, gro\u00dfen und freundlichen R\u00e4umen statt. Auch f\u00fcr [&hellip;]","og_url":"https:\/\/www.klaus-wienert.de\/cms\/das-zentrum\/","og_site_name":"Klaus Wienert","article_modified_time":"2016-03-01T11:12:58+00:00","og_image":[{"url":"https:\/\/www.klaus-wienert.de\/cms\/wp-content\/uploads\/2015\/12\/zentrum_01-300x200.jpg","type":"","width":"","height":""}],"twitter_card":"summary_large_image","twitter_misc":{"Gesch\u00e4tzte Lesezeit":"1\u00a0Minute"},"schema":{"@context":"https:\/\/schema.org","@graph":[{"@type":"WebPage","@id":"https:\/\/www.klaus-wienert.de\/cms\/das-zentrum\/","url":"https:\/\/www.klaus-wienert.de\/cms\/das-zentrum\/","name":"LICHT - GESUNDHEIT - ENERGIE ZENTRUM - Klaus Wienert","isPartOf":{"@id":"https:\/\/www.klaus-wienert.de\/cms\/#website"},"primaryImageOfPage":{"@id":"https:\/\/www.klaus-wienert.de\/cms\/das-zentrum\/#primaryimage"},"image":{"@id":"https:\/\/www.klaus-wienert.de\/cms\/das-zentrum\/#primaryimage"},"thumbnailUrl":"https:\/\/www.klaus-wienert.de\/cms\/wp-content\/uploads\/2015\/12\/zentrum_01-300x200.jpg","datePublished":"2015-12-10T12:36:13+00:00","dateModified":"2016-03-01T11:12:58+00:00","breadcrumb":{"@id":"https:\/\/www.klaus-wienert.de\/cms\/das-zentrum\/#breadcrumb"},"inLanguage":"de","potentialAction":[{"@type":"ReadAction","target":["https:\/\/www.klaus-wienert.de\/cms\/das-zentrum\/"]}]},{"@type":"ImageObject","inLanguage":"de","@id":"https:\/\/www.klaus-wienert.de\/cms\/das-zentrum\/#primaryimage","url":"https:\/\/www.klaus-wienert.de\/cms\/wp-content\/uploads\/2015\/12\/zentrum_01.jpg","contentUrl":"https:\/\/www.klaus-wienert.de\/cms\/wp-content\/uploads\/2015\/12\/zentrum_01.jpg","width":600,"height":399},{"@type":"BreadcrumbList","@id":"https:\/\/www.klaus-wienert.de\/cms\/das-zentrum\/#breadcrumb","itemListElement":[{"@type":"ListItem","position":1,"name":"Home","item":"https:\/\/www.klaus-wienert.de\/cms\/"},{"@type":"ListItem","position":2,"name":"LICHT &#8211; GESUNDHEIT &#8211; ENERGIE ZENTRUM"}]},{"@type":"WebSite","@id":"https:\/\/www.klaus-wienert.de\/cms\/#website","url":"https:\/\/www.klaus-wienert.de\/cms\/","name":"Klaus Wienert","description":"Licht-Gesundheit-Energie Zentrum","potentialAction":[{"@type":"SearchAction","target":{"@type":"EntryPoint","urlTemplate":"https:\/\/www.klaus-wienert.de\/cms\/?s={search_term_string}"},"query-input":{"@type":"PropertyValueSpecification","valueRequired":true,"valueName":"search_term_string"}}],"inLanguage":"de"}]}},"_links":{"self":[{"href":"https:\/\/www.klaus-wienert.de\/cms\/wp-json\/wp\/v2\/pages\/356","targetHints":{"allow":["GET"]}}],"collection":[{"href":"https:\/\/www.klaus-wienert.de\/cms\/wp-json\/wp\/v2\/pages"}],"about":[{"href":"https:\/\/www.klaus-wienert.de\/cms\/wp-json\/wp\/v2\/types\/page"}],"author":[{"embeddable":true,"href":"https:\/\/www.klaus-wienert.de\/cms\/wp-json\/wp\/v2\/users\/1"}],"replies":[{"embeddable":true,"href":"https:\/\/www.klaus-wienert.de\/cms\/wp-json\/wp\/v2\/comments?post=356"}],"version-history":[{"count":10,"href":"https:\/\/www.klaus-wienert.de\/cms\/wp-json\/wp\/v2\/pages\/356\/revisions"}],"predecessor-version":[{"id":508,"href":"https:\/\/www.klaus-wienert.de\/cms\/wp-json\/wp\/v2\/pages\/356\/revisions\/508"}],"wp:attachment":[{"href":"https:\/\/www.klaus-wienert.de\/cms\/wp-json\/wp\/v2\/media?parent=356"}],"curies":[{"name":"wp","href":"https:\/\/api.w.org\/{rel}","templated":true}]}}