{"id":354,"date":"2015-12-10T13:35:52","date_gmt":"2015-12-10T12:35:52","guid":{"rendered":"http:\/\/www.klaus-wienert.de\/cms\/?page_id=354"},"modified":"2017-04-25T10:06:51","modified_gmt":"2017-04-25T08:06:51","slug":"ueber-mich","status":"publish","type":"page","link":"https:\/\/www.klaus-wienert.de\/cms\/ueber-mich\/","title":{"rendered":"\u00dcBER MICH"},"content":{"rendered":"<div id=\"attachment_228\" style=\"width: 310px\" class=\"wp-caption alignright\"><img loading=\"lazy\" decoding=\"async\" aria-describedby=\"caption-attachment-228\" class=\"wp-image-228 size-medium\" src=\"https:\/\/www.klaus-wienert.de\/cms\/wp-content\/uploads\/2015\/12\/zentrum_04-300x248.jpg\" alt=\"Klaus Wienert\" width=\"300\" height=\"248\" srcset=\"https:\/\/www.klaus-wienert.de\/cms\/wp-content\/uploads\/2015\/12\/zentrum_04-300x248.jpg 300w, https:\/\/www.klaus-wienert.de\/cms\/wp-content\/uploads\/2015\/12\/zentrum_04.jpg 600w\" sizes=\"auto, (max-width: 300px) 100vw, 300px\" \/><p id=\"caption-attachment-228\" class=\"wp-caption-text\">Klaus Wienert<\/p><\/div>\n<p><strong>Es ist mein tiefes Anliegen und meine Vision, Ihnen die M\u00f6glichkeiten und Potenziale, die in all Ihren Zellen und in Ihrem Geist stecken, wieder zug\u00e4nglich zu machen. Selbsterm\u00e4chtigung \u2013 mit dem Ziel, die Lebensqualit\u00e4t, den pers\u00f6nlichen Erfolg, die Gesundheit und die Gl\u00fccksf\u00e4higkeit f\u00fcr m\u00f6glichst viele Menschen zu erh\u00f6hen.<\/strong><\/p>\n<p>Mein Weg der Aus- und Fortbildung f\u00fchrte mich zu den verschiedensten\u00a0kinesiologischen, systemischen, naturheilkundlichen, psychologischen und begleitenden Methoden und Ans\u00e4tzen als Therapeut und Coach. Nach der Heilpraktiker-Ausbildung wusste ich, dass mein Weg der der Kinesiologie ist, denn sie hatte mich sehr ber\u00fchrt und fasziniert.<\/p>\n<p>Ich konnte die Effektivit\u00e4t an mir selbst und an vielen Menschen beobachten. Die Verbindung von Muskeltests, Gehirn, Nervensystem, Meridianen und Energiearbeit gekoppelt mit der Philosophie, dass jeder Mensch die Quelle seiner L\u00f6sungsm\u00f6glichkeiten und Heilung ist, war unkonventionell und doch sehr klar und logisch.<\/p>\n<p>Durch die Besch\u00e4ftigung mit systemischem Denken und Systemischen Aufstellungen hat sich meine Arbeit enorm erweitert und vertieft. Die M\u00f6glichkeiten der Anwendung scheinen schier unbegrenzt.<\/p>\n<p>Meine Faszination und Begeisterung sind seither stets gewachsen.<\/p>\n<p>Heute vermittle ich dieses Wissen in vielf\u00e4ltigen Seminaren und Ausbildungen sowie als Coach f\u00fcr Firmen und Organisationen mit Freude und gro\u00dfer Achtung vor dieser Arbeit.<\/p>\n<p>Ich w\u00fcrde mich freuen, den entstandenen Wissens- und Erfahrungsschatz auch an<br \/>\nSie weitergeben zu d\u00fcrfen.<\/p>\n<p><strong>Mein Dank<\/strong><br \/>\nDas, was hier entstanden ist und das, was mich, meine Arbeit und das Licht-Gesundheit-Energie Zentrum gepr\u00e4gt hat, konnte nur durch die Unterst\u00fctzung und das Engagement von ganz besonderen Menschen entstehen.<br \/>\nIhnen gilt meine tiefe Anerkennung und mein gro\u00dfer Dank!<br \/>\nKlaus Wienert<\/p>\n<p>&nbsp;<\/p>\n<h1>Stationen \/ Projekte<\/h1>\n<p><strong>Gr\u00fcnder und Leiter des Licht &#8211; Gesundheit &#8211; Energie Zentrums<\/strong><br \/>\n\u2022 Kurs- \/ Seminar- \/ Ausbildungsleiter<br \/>\n\u2022 Heilpraktiker \u00b7 Kinesiologe \u00b7 Coach<\/p>\n<p><strong>Entwicklung und Leitung der Ausbildungsreihe Matrix in Balance<\/strong><br \/>\nzum Matrix in Balance Kinesiologen LGEZ<\/p>\n<p><strong>Entwicklung und Leitung der Fachfortbildung Systeme in Balance<\/strong><br \/>\nzum System-Kinesiologischen-Coach LGEZ<\/p>\n<p><strong>Ausbilder zum Professionellen Systemischen Kinesiologen LGEZ<br \/>\n<\/strong>Touch for Health Instruktor \u2022 NICE Instruktor \u2022 3 in 1 Facilitator<\/p>\n<p><strong>Autor von Fachartikeln und Buchbeitr\u00e4gen<\/strong><br \/>\n<strong> Sprecher auf nationalen und internationalen Konferenzen<\/strong><\/p>\n<p><strong>Gr\u00fcnder und Leiter von www.wienert-coaching.de<\/strong><br \/>\n<strong>Mitgr\u00fcnder der Unternehmensberatung www.kompetenz-die-bewegt.de<\/strong><\/p>\n<p><strong>Beirat und Supervisor der \u201eDeutschen Gesellschaft f\u00fcr Angewandte Kinesiologie (DGAK)\u201c <\/strong><br \/>\n(1. Vorsitzender von 2002 \u2013 2011)<\/p>\n<p>&nbsp;<\/p>\n<h1>Vita<\/h1>\n<ul style=\"list-style-type: disc;\">\n<li>Geboren 1968 in Gr\u00e4felfing<\/li>\n<li>Abitur 1988<\/li>\n<li>Heilpraktiker Pr\u00fcfung 1994<\/li>\n<li>Seither vielseitige Ausbildungen in coachender, begleitender und medizinischer Kinesiologie, in Systemischer Aufstellungsarbeit, Energy Psychology und unterschiedlichsten naturheilkundlichen, psychologischen und beratenden Methoden<\/li>\n<li>Eigene Praxis und Coachingt\u00e4tigkeit seit 1994<\/li>\n<li>Seit 1995 Seminar- und Ausbildungsleiter mit \u00fcber 15.000 Teilnehmern<\/li>\n<li>1996\u20131998 Gr\u00fcndung und Mitarbeit im Institut FOR (Institut f\u00fcr Fortbildung, Fortschritt und Forschung)<\/li>\n<li>1998: Gr\u00fcndung und Leitung des Licht-Gesundheit-Energie Zentrums mit nationalen und internationalen Referenten und Dozenten<\/li>\n<li>Leitung Systemischer Familien- und Organisationsaufstellungen in offenen Seminaren als auch in Inhouse Veranstaltungen<\/li>\n<li>2002 &#8211; 2011\u00a0 1. Vorsitzender des Kinesiologie Berufsverbands DGAK \u2013 Deutsche Gesellschaft f\u00fcr Angewandte Kinesiologie e.V.<\/li>\n<li>2005 Erweiterung des Licht-Gesundheit-Energie Zentrums auf \u00fcber 400 m\u00b2<br \/>\n&#8211; Kurs- und Behandlungsr\u00e4ume<br \/>\n&#8211; Therapeuten-, Kinesiologen- und Dozenten-Team<br \/>\n&#8211; Shop und Atelier<\/li>\n<li>2010 Gr\u00fcndung und Organisation von Wienert-Coaching &#8211; &#8222;Unternehmensberatung im neuen Geist&#8220;<\/li>\n<li>2011 Beirat des Kinesiologie Berufsverbands DGAK<\/li>\n<li>Autor von Fachartikeln und Buchbeitr\u00e4gen<\/li>\n<li>2012 Gr\u00fcndungsmitglied der Unternehmensberatung KOMPETENZ DIE BEWEGT<\/li>\n<li>2015 Gr\u00fcndung\u00a0 des Licht &#8211; Gesundheit &#8211; Energie Web-Shop<\/li>\n<li>Referent auf nationalen und internationalen Kongressen<\/li>\n<li>Studiogast im TV und Radio, z.B. in SAT1 &#8211; Morgenmagazin, Premiere &#8211; Fokus Gesundheit, NRW.tv &#8211; Background<\/li>\n<\/ul>\n","protected":false},"excerpt":{"rendered":"<p>Es ist mein tiefes Anliegen und meine Vision, Ihnen die M\u00f6glichkeiten und Potenziale, die in all Ihren Zellen und in Ihrem Geist stecken, wieder zug\u00e4nglich zu machen. Selbsterm\u00e4chtigung \u2013 mit dem Ziel, die Lebensqualit\u00e4t, den pers\u00f6nlichen Erfolg, die Gesundheit und die Gl\u00fccksf\u00e4higkeit f\u00fcr m\u00f6glichst viele Menschen zu erh\u00f6hen. Mein Weg der Aus- und Fortbildung f\u00fchrte [&hellip;]<\/p>\n","protected":false},"author":1,"featured_media":0,"parent":0,"menu_order":0,"comment_status":"closed","ping_status":"closed","template":"","meta":{"footnotes":""},"class_list":["post-354","page","type-page","status-publish","hentry","post"],"yoast_head":"<!-- This site is optimized with the Yoast SEO plugin v26.8 - https:\/\/yoast.com\/product\/yoast-seo-wordpress\/ -->\n<title>\u00dcBER MICH - Klaus Wienert<\/title>\n<meta name=\"description\" content=\"Mein Weg f\u00fchrte mich zu den verschiedensten kinesiologischen, systemischen, naturheilkundlichen, psychologischen Methoden als Therapeut und Coach.\" \/>\n<meta name=\"robots\" content=\"index, follow, max-snippet:-1, max-image-preview:large, max-video-preview:-1\" \/>\n<link rel=\"canonical\" href=\"https:\/\/www.klaus-wienert.de\/cms\/ueber-mich\/\" \/>\n<meta property=\"og:locale\" content=\"de_DE\" \/>\n<meta property=\"og:type\" content=\"article\" \/>\n<meta property=\"og:title\" content=\"\u00dcBER MICH - Klaus Wienert\" \/>\n<meta property=\"og:description\" content=\"Mein Weg f\u00fchrte mich zu den verschiedensten kinesiologischen, systemischen, naturheilkundlichen, psychologischen Methoden als Therapeut und Coach.\" \/>\n<meta property=\"og:url\" content=\"https:\/\/www.klaus-wienert.de\/cms\/ueber-mich\/\" \/>\n<meta property=\"og:site_name\" content=\"Klaus Wienert\" \/>\n<meta property=\"article:modified_time\" content=\"2017-04-25T08:06:51+00:00\" \/>\n<meta property=\"og:image\" content=\"https:\/\/www.klaus-wienert.de\/cms\/wp-content\/uploads\/2015\/12\/zentrum_04-300x248.jpg\" \/>\n<meta name=\"twitter:card\" content=\"summary_large_image\" \/>\n<meta name=\"twitter:label1\" content=\"Gesch\u00e4tzte Lesezeit\" \/>\n\t<meta name=\"twitter:data1\" content=\"3\u00a0Minuten\" \/>\n<script type=\"application\/ld+json\" class=\"yoast-schema-graph\">{\"@context\":\"https:\/\/schema.org\",\"@graph\":[{\"@type\":\"WebPage\",\"@id\":\"https:\/\/www.klaus-wienert.de\/cms\/ueber-mich\/\",\"url\":\"https:\/\/www.klaus-wienert.de\/cms\/ueber-mich\/\",\"name\":\"\u00dcBER MICH - Klaus Wienert\",\"isPartOf\":{\"@id\":\"https:\/\/www.klaus-wienert.de\/cms\/#website\"},\"primaryImageOfPage\":{\"@id\":\"https:\/\/www.klaus-wienert.de\/cms\/ueber-mich\/#primaryimage\"},\"image\":{\"@id\":\"https:\/\/www.klaus-wienert.de\/cms\/ueber-mich\/#primaryimage\"},\"thumbnailUrl\":\"https:\/\/www.klaus-wienert.de\/cms\/wp-content\/uploads\/2015\/12\/zentrum_04-300x248.jpg\",\"datePublished\":\"2015-12-10T12:35:52+00:00\",\"dateModified\":\"2017-04-25T08:06:51+00:00\",\"description\":\"Mein Weg f\u00fchrte mich zu den verschiedensten kinesiologischen, systemischen, naturheilkundlichen, psychologischen Methoden als Therapeut und Coach.\",\"breadcrumb\":{\"@id\":\"https:\/\/www.klaus-wienert.de\/cms\/ueber-mich\/#breadcrumb\"},\"inLanguage\":\"de\",\"potentialAction\":[{\"@type\":\"ReadAction\",\"target\":[\"https:\/\/www.klaus-wienert.de\/cms\/ueber-mich\/\"]}]},{\"@type\":\"ImageObject\",\"inLanguage\":\"de\",\"@id\":\"https:\/\/www.klaus-wienert.de\/cms\/ueber-mich\/#primaryimage\",\"url\":\"https:\/\/www.klaus-wienert.de\/cms\/wp-content\/uploads\/2015\/12\/zentrum_04.jpg\",\"contentUrl\":\"https:\/\/www.klaus-wienert.de\/cms\/wp-content\/uploads\/2015\/12\/zentrum_04.jpg\",\"width\":600,\"height\":495},{\"@type\":\"BreadcrumbList\",\"@id\":\"https:\/\/www.klaus-wienert.de\/cms\/ueber-mich\/#breadcrumb\",\"itemListElement\":[{\"@type\":\"ListItem\",\"position\":1,\"name\":\"Home\",\"item\":\"https:\/\/www.klaus-wienert.de\/cms\/\"},{\"@type\":\"ListItem\",\"position\":2,\"name\":\"\u00dcBER MICH\"}]},{\"@type\":\"WebSite\",\"@id\":\"https:\/\/www.klaus-wienert.de\/cms\/#website\",\"url\":\"https:\/\/www.klaus-wienert.de\/cms\/\",\"name\":\"Klaus Wienert\",\"description\":\"Licht-Gesundheit-Energie Zentrum\",\"potentialAction\":[{\"@type\":\"SearchAction\",\"target\":{\"@type\":\"EntryPoint\",\"urlTemplate\":\"https:\/\/www.klaus-wienert.de\/cms\/?s={search_term_string}\"},\"query-input\":{\"@type\":\"PropertyValueSpecification\",\"valueRequired\":true,\"valueName\":\"search_term_string\"}}],\"inLanguage\":\"de\"}]}<\/script>\n<!-- \/ Yoast SEO plugin. -->","yoast_head_json":{"title":"\u00dcBER MICH - Klaus Wienert","description":"Mein Weg f\u00fchrte mich zu den verschiedensten kinesiologischen, systemischen, naturheilkundlichen, psychologischen Methoden als Therapeut und Coach.","robots":{"index":"index","follow":"follow","max-snippet":"max-snippet:-1","max-image-preview":"max-image-preview:large","max-video-preview":"max-video-preview:-1"},"canonical":"https:\/\/www.klaus-wienert.de\/cms\/ueber-mich\/","og_locale":"de_DE","og_type":"article","og_title":"\u00dcBER MICH - Klaus Wienert","og_description":"Mein Weg f\u00fchrte mich zu den verschiedensten kinesiologischen, systemischen, naturheilkundlichen, psychologischen Methoden als Therapeut und Coach.","og_url":"https:\/\/www.klaus-wienert.de\/cms\/ueber-mich\/","og_site_name":"Klaus Wienert","article_modified_time":"2017-04-25T08:06:51+00:00","og_image":[{"url":"https:\/\/www.klaus-wienert.de\/cms\/wp-content\/uploads\/2015\/12\/zentrum_04-300x248.jpg","type":"","width":"","height":""}],"twitter_card":"summary_large_image","twitter_misc":{"Gesch\u00e4tzte Lesezeit":"3\u00a0Minuten"},"schema":{"@context":"https:\/\/schema.org","@graph":[{"@type":"WebPage","@id":"https:\/\/www.klaus-wienert.de\/cms\/ueber-mich\/","url":"https:\/\/www.klaus-wienert.de\/cms\/ueber-mich\/","name":"\u00dcBER MICH - Klaus Wienert","isPartOf":{"@id":"https:\/\/www.klaus-wienert.de\/cms\/#website"},"primaryImageOfPage":{"@id":"https:\/\/www.klaus-wienert.de\/cms\/ueber-mich\/#primaryimage"},"image":{"@id":"https:\/\/www.klaus-wienert.de\/cms\/ueber-mich\/#primaryimage"},"thumbnailUrl":"https:\/\/www.klaus-wienert.de\/cms\/wp-content\/uploads\/2015\/12\/zentrum_04-300x248.jpg","datePublished":"2015-12-10T12:35:52+00:00","dateModified":"2017-04-25T08:06:51+00:00","description":"Mein Weg f\u00fchrte mich zu den verschiedensten kinesiologischen, systemischen, naturheilkundlichen, psychologischen Methoden als Therapeut und Coach.","breadcrumb":{"@id":"https:\/\/www.klaus-wienert.de\/cms\/ueber-mich\/#breadcrumb"},"inLanguage":"de","potentialAction":[{"@type":"ReadAction","target":["https:\/\/www.klaus-wienert.de\/cms\/ueber-mich\/"]}]},{"@type":"ImageObject","inLanguage":"de","@id":"https:\/\/www.klaus-wienert.de\/cms\/ueber-mich\/#primaryimage","url":"https:\/\/www.klaus-wienert.de\/cms\/wp-content\/uploads\/2015\/12\/zentrum_04.jpg","contentUrl":"https:\/\/www.klaus-wienert.de\/cms\/wp-content\/uploads\/2015\/12\/zentrum_04.jpg","width":600,"height":495},{"@type":"BreadcrumbList","@id":"https:\/\/www.klaus-wienert.de\/cms\/ueber-mich\/#breadcrumb","itemListElement":[{"@type":"ListItem","position":1,"name":"Home","item":"https:\/\/www.klaus-wienert.de\/cms\/"},{"@type":"ListItem","position":2,"name":"\u00dcBER MICH"}]},{"@type":"WebSite","@id":"https:\/\/www.klaus-wienert.de\/cms\/#website","url":"https:\/\/www.klaus-wienert.de\/cms\/","name":"Klaus Wienert","description":"Licht-Gesundheit-Energie Zentrum","potentialAction":[{"@type":"SearchAction","target":{"@type":"EntryPoint","urlTemplate":"https:\/\/www.klaus-wienert.de\/cms\/?s={search_term_string}"},"query-input":{"@type":"PropertyValueSpecification","valueRequired":true,"valueName":"search_term_string"}}],"inLanguage":"de"}]}},"_links":{"self":[{"href":"https:\/\/www.klaus-wienert.de\/cms\/wp-json\/wp\/v2\/pages\/354","targetHints":{"allow":["GET"]}}],"collection":[{"href":"https:\/\/www.klaus-wienert.de\/cms\/wp-json\/wp\/v2\/pages"}],"about":[{"href":"https:\/\/www.klaus-wienert.de\/cms\/wp-json\/wp\/v2\/types\/page"}],"author":[{"embeddable":true,"href":"https:\/\/www.klaus-wienert.de\/cms\/wp-json\/wp\/v2\/users\/1"}],"replies":[{"embeddable":true,"href":"https:\/\/www.klaus-wienert.de\/cms\/wp-json\/wp\/v2\/comments?post=354"}],"version-history":[{"count":21,"href":"https:\/\/www.klaus-wienert.de\/cms\/wp-json\/wp\/v2\/pages\/354\/revisions"}],"predecessor-version":[{"id":642,"href":"https:\/\/www.klaus-wienert.de\/cms\/wp-json\/wp\/v2\/pages\/354\/revisions\/642"}],"wp:attachment":[{"href":"https:\/\/www.klaus-wienert.de\/cms\/wp-json\/wp\/v2\/media?parent=354"}],"curies":[{"name":"wp","href":"https:\/\/api.w.org\/{rel}","templated":true}]}}