{"id":352,"date":"2015-12-10T13:35:36","date_gmt":"2015-12-10T12:35:36","guid":{"rendered":"http:\/\/www.klaus-wienert.de\/cms\/?page_id=352"},"modified":"2016-03-01T12:54:03","modified_gmt":"2016-03-01T11:54:03","slug":"methode","status":"publish","type":"page","link":"https:\/\/www.klaus-wienert.de\/cms\/methode\/","title":{"rendered":"METHODE"},"content":{"rendered":"<p><strong><img loading=\"lazy\" decoding=\"async\" class=\"size-medium wp-image-463 alignright\" src=\"https:\/\/www.klaus-wienert.de\/cms\/wp-content\/uploads\/2016\/02\/foto-kw-haende-300x300.jpg\" alt=\"Kinesiologie\" width=\"300\" height=\"300\" srcset=\"https:\/\/www.klaus-wienert.de\/cms\/wp-content\/uploads\/2016\/02\/foto-kw-haende-300x300.jpg 300w, https:\/\/www.klaus-wienert.de\/cms\/wp-content\/uploads\/2016\/02\/foto-kw-haende.jpg 500w\" sizes=\"auto, (max-width: 300px) 100vw, 300px\" \/><\/strong><\/p>\n<p>In meinen Seminaren, Ausbildungen, Systemischen Aufstellungen, Coachings und Firmenworkshops arbeite ich mit folgenden Methoden:<\/p>\n<ul style=\"list-style-type: disc;\">\n<li><strong><a href=\"#kin\">Kinesiologie<\/a><\/strong><\/li>\n<li><strong><a href=\"#sys\">Systemischem Denken und Systemischen Aufstellungen<\/a><\/strong><\/li>\n<li><strong><a href=\"#kw\">Methode Klaus Wienert<\/a><\/strong><\/li>\n<\/ul>\n<p>&nbsp;<\/p>\n<p>&nbsp;<\/p>\n<p>&nbsp;<\/p>\n<p>&nbsp;<br \/>\n<a name=\"kin\"><\/a><\/p>\n<hr \/>\n<p>&nbsp;<\/p>\n<h1>Kinesiologie<\/h1>\n<p>\u201eKinesiologie ist der \u00dcberbegriff f\u00fcr verschiedene Methoden, die mit Hilfe des sog. Muskeltests Stressreaktionen sowie Blockaden in einem System identifizieren und diese mittels einer geeigneten Intervention \u2013 auch Balance oder Korrektur genannt \u2013 balancieren bzw. aufl\u00f6sen. Das Ziel besteht darin, das Wohlergehen, die Gesundheit, Leistungsf\u00e4higkeit sowie Gl\u00fccksf\u00e4higkeit und damit die Lebensqualit\u00e4t zu verbessern.\u201c<br \/>\n(Definition nach Klaus Wienert)<\/p>\n<p><strong>Kinesiologische Techniken sind \u00e4u\u00dferst wirksam<\/strong><\/p>\n<ul style=\"list-style-type: disc;\">\n<li>f\u00fcr mehr Lebensqualit\u00e4t<\/li>\n<li>eigene Potenziale zu erkennen und umzusetzen<\/li>\n<li>erw\u00fcnschte Ver\u00e4nderungen im Leben herbeizuf\u00fchren<\/li>\n<li>Ihre Gesundheit sp\u00fcrbar zu verbessern<\/li>\n<li>Ihre Lernf\u00e4higkeit zu erh\u00f6hen<\/li>\n<li>im Sport und im Hochleistungsbereich<\/li>\n<li>effektiv Energie und Lebensfreude zu steigern<\/li>\n<li>im Stressmanagement<\/li>\n<li>einschr\u00e4nkende Muster in Kraftquellen zu verwandeln<\/li>\n<li>zur Pers\u00f6nlichkeitsentfaltung<\/li>\n<li>f\u00fcr pers\u00f6nlichen, privaten und beruflichen Erfolg<\/li>\n<li>Zu kinesiologischen Methoden geh\u00f6ren z.B. Matrix in Balance, Touch for Health, Systeme in Balance, Blueprint, NICE, Brain Gym, Edu-K, Sportkinesiologie<\/li>\n<\/ul>\n<p>&nbsp;<\/p>\n<p><a name=\"sys\"><\/a><\/p>\n<hr \/>\n<p>&nbsp;<\/p>\n<h1>Systemisches Denken und Systemische Aufstellungen<\/h1>\n<p><strong>Systemisch<\/strong><br \/>\n\u201eSystemisch bedeutet, wenn man in vermehrtem Ma\u00dfe davon absieht Systemelementen Eigenschaften zuzuschreiben.\u201c (Prof. Matthias Varga von Kibed)<\/p>\n<p><strong>Aufstellungen<\/strong><br \/>\nSystemische Aufstellungen sind ein Modell, innere Referenzen von Systemen (Personen, Familien, Firmen, Organisationen, Themen) sichtbar und verst\u00e4ndlich zu machen.<br \/>\nDabei ist es m\u00f6glich Verstrickungen, Blockaden und Probleme auf unkonventionelle und effektive Weise in Ressourcen, Potenziale und M\u00f6glichkeiten umzuwandeln.<\/p>\n<p>Systemische Aufstellungen werden eingesetzt,<\/p>\n<ul style=\"list-style-type: disc;\">\n<li>um Unsichtbares sichtbar zu machen<\/li>\n<li>Ungleichgewichte und Verstrickungen aufzul\u00f6sen<\/li>\n<li>ungenutzte Ressourcen und Potenziale aufzudecken und einzusetzen<\/li>\n<li>zur Projektplanung<\/li>\n<li>zur Entscheidungsfindung<\/li>\n<li>zur Kl\u00e4rung von Konflikten<\/li>\n<li>f\u00fcr pers\u00f6nliche Angelegenheiten und Themen<\/li>\n<li>f\u00fcr famili\u00e4re Angelegenheiten und Themen<\/li>\n<li>f\u00fcr gesch\u00e4ftliche und Business Angelegenheiten und Themen<\/li>\n<li>zur Erreichung von Zielen<\/li>\n<li>f\u00fcr mehr (Lebens-) Erfolg<\/li>\n<li>Systemische Aufstellungen k\u00f6nnen sowohl im Einzelcoaching stattfinden als auch f\u00fcr gr\u00f6\u00dfere Projekte im Rahmen exklusiver Business- und Organisations-Aufstellungen.<\/li>\n<\/ul>\n<p>&nbsp;<br \/>\n<a name=\"kw\"><\/a><\/p>\n<hr \/>\n<p>&nbsp;<\/p>\n<h1><img loading=\"lazy\" decoding=\"async\" class=\"alignright size-medium wp-image-191\" src=\"https:\/\/www.klaus-wienert.de\/cms\/wp-content\/uploads\/2015\/12\/foto-klaus-wienert-300x300.jpg\" alt=\"Klaus Wienert\" width=\"300\" height=\"300\" srcset=\"https:\/\/www.klaus-wienert.de\/cms\/wp-content\/uploads\/2015\/12\/foto-klaus-wienert-300x300.jpg 300w, https:\/\/www.klaus-wienert.de\/cms\/wp-content\/uploads\/2015\/12\/foto-klaus-wienert.jpg 500w\" sizes=\"auto, (max-width: 300px) 100vw, 300px\" \/>Methode Klaus Wienert<\/h1>\n<ul style=\"list-style-type: disc;\">\n<li>Technik<\/li>\n<li>Intuition<\/li>\n<li>Struktur<\/li>\n<li>Mitgef\u00fchl<\/li>\n<li>Klarheit<\/li>\n<li>Kreativit\u00e4t<\/li>\n<li>Fokus<\/li>\n<li>\u00dcberraschung, \u2026<\/li>\n<\/ul>\n<p>&nbsp;<\/p>\n<h1>Meine Devise<\/h1>\n<p>Ein gutes Handwerkszeug im Gep\u00e4ck,<\/p>\n<ul style=\"list-style-type: disc;\">\n<li>sich selber mehr und mehr kl\u00e4ren und heilen,<\/li>\n<li>ohne Anhaftung an Ergebnisse<\/li>\n<li>im gro\u00dfen Geist wirken.<\/li>\n<\/ul>\n<p>&nbsp;<\/p>\n<hr \/>\n<p>&nbsp;<\/p>\n<p>&nbsp;<\/p>\n<p>Hinweis: \u201eDie Begleitende Kinesiologie und Systemische Aufstellungen stellen keine Heilkunde dar und sind kein ausreichender Ersatz f\u00fcr medizinische oder psychotherapeutische Behandlungen. Sie ist als Gesundheits- und Lebensberatung zu verstehen und dient nicht der Behandlung und Heilung von Krankheiten. Bei gesundheitlichen Beschwerden oder Krankheiten sollte daher eine medizinische oder psychotherapeutische Behandlung, also die Hilfe eines Arztes, Heilpraktikers oder Psychotherapeuten in Anspruch genommen werden.<\/p>\n<p>W\u00e4hrend die Begleitende Kinesiologie und Systemische Aufstellungen nach Meinung einer Vielzahl von Wissenschaftlern, ganzheitlich orientierten \u00c4rzten, Heilpraktikern und Psychotherapeuten als Erg\u00e4nzung bzw. Unterst\u00fctzung einer medizinischen oder psychotherapeutischen Behandlung zur Linderung von gesundheitlichen Beschwerden oder Krankheiten beitragen k\u00f6nnen, sind sie in ihrer therapeutischen Wirksamkeit nicht durch gesicherte wissenschaftliche Erkenntnisse belegt und im Sinne der Schulmedizin zu Diagnosezwecken ungeeignet.\u201c<\/p>\n","protected":false},"excerpt":{"rendered":"<p>In meinen Seminaren, Ausbildungen, Systemischen Aufstellungen, Coachings und Firmenworkshops arbeite ich mit folgenden Methoden: Kinesiologie Systemischem Denken und Systemischen Aufstellungen Methode Klaus Wienert &nbsp; &nbsp; &nbsp; &nbsp; &nbsp; Kinesiologie \u201eKinesiologie ist der \u00dcberbegriff f\u00fcr verschiedene Methoden, die mit Hilfe des sog. Muskeltests Stressreaktionen sowie Blockaden in einem System identifizieren und diese mittels einer geeigneten Intervention [&hellip;]<\/p>\n","protected":false},"author":1,"featured_media":0,"parent":0,"menu_order":0,"comment_status":"closed","ping_status":"closed","template":"","meta":{"footnotes":""},"class_list":["post-352","page","type-page","status-publish","hentry","post"],"yoast_head":"<!-- This site is optimized with the Yoast SEO plugin v26.8 - https:\/\/yoast.com\/product\/yoast-seo-wordpress\/ -->\n<title>METHODE - Klaus Wienert<\/title>\n<meta name=\"description\" content=\"Ich arbeite mit folgenden Methoden: Kinesiologie, Systemischem Denken und Systemischen Aufstellungen, der Methode Klaus Wienert\" \/>\n<meta name=\"robots\" content=\"index, follow, max-snippet:-1, max-image-preview:large, max-video-preview:-1\" \/>\n<link rel=\"canonical\" href=\"https:\/\/www.klaus-wienert.de\/cms\/methode\/\" \/>\n<meta property=\"og:locale\" content=\"de_DE\" \/>\n<meta property=\"og:type\" content=\"article\" \/>\n<meta property=\"og:title\" content=\"METHODE - Klaus Wienert\" \/>\n<meta property=\"og:description\" content=\"Ich arbeite mit folgenden Methoden: Kinesiologie, Systemischem Denken und Systemischen Aufstellungen, der Methode Klaus Wienert\" \/>\n<meta property=\"og:url\" content=\"https:\/\/www.klaus-wienert.de\/cms\/methode\/\" \/>\n<meta property=\"og:site_name\" content=\"Klaus Wienert\" \/>\n<meta property=\"article:modified_time\" content=\"2016-03-01T11:54:03+00:00\" \/>\n<meta property=\"og:image\" content=\"https:\/\/www.klaus-wienert.de\/cms\/wp-content\/uploads\/2016\/02\/foto-kw-haende-300x300.jpg\" \/>\n<meta name=\"twitter:card\" content=\"summary_large_image\" \/>\n<meta name=\"twitter:label1\" content=\"Gesch\u00e4tzte Lesezeit\" \/>\n\t<meta name=\"twitter:data1\" content=\"3\u00a0Minuten\" \/>\n<script type=\"application\/ld+json\" class=\"yoast-schema-graph\">{\"@context\":\"https:\/\/schema.org\",\"@graph\":[{\"@type\":\"WebPage\",\"@id\":\"https:\/\/www.klaus-wienert.de\/cms\/methode\/\",\"url\":\"https:\/\/www.klaus-wienert.de\/cms\/methode\/\",\"name\":\"METHODE - Klaus Wienert\",\"isPartOf\":{\"@id\":\"https:\/\/www.klaus-wienert.de\/cms\/#website\"},\"primaryImageOfPage\":{\"@id\":\"https:\/\/www.klaus-wienert.de\/cms\/methode\/#primaryimage\"},\"image\":{\"@id\":\"https:\/\/www.klaus-wienert.de\/cms\/methode\/#primaryimage\"},\"thumbnailUrl\":\"https:\/\/www.klaus-wienert.de\/cms\/wp-content\/uploads\/2016\/02\/foto-kw-haende-300x300.jpg\",\"datePublished\":\"2015-12-10T12:35:36+00:00\",\"dateModified\":\"2016-03-01T11:54:03+00:00\",\"description\":\"Ich arbeite mit folgenden Methoden: Kinesiologie, Systemischem Denken und Systemischen Aufstellungen, der Methode Klaus Wienert\",\"breadcrumb\":{\"@id\":\"https:\/\/www.klaus-wienert.de\/cms\/methode\/#breadcrumb\"},\"inLanguage\":\"de\",\"potentialAction\":[{\"@type\":\"ReadAction\",\"target\":[\"https:\/\/www.klaus-wienert.de\/cms\/methode\/\"]}]},{\"@type\":\"ImageObject\",\"inLanguage\":\"de\",\"@id\":\"https:\/\/www.klaus-wienert.de\/cms\/methode\/#primaryimage\",\"url\":\"https:\/\/www.klaus-wienert.de\/cms\/wp-content\/uploads\/2016\/02\/foto-kw-haende.jpg\",\"contentUrl\":\"https:\/\/www.klaus-wienert.de\/cms\/wp-content\/uploads\/2016\/02\/foto-kw-haende.jpg\",\"width\":500,\"height\":500},{\"@type\":\"BreadcrumbList\",\"@id\":\"https:\/\/www.klaus-wienert.de\/cms\/methode\/#breadcrumb\",\"itemListElement\":[{\"@type\":\"ListItem\",\"position\":1,\"name\":\"Home\",\"item\":\"https:\/\/www.klaus-wienert.de\/cms\/\"},{\"@type\":\"ListItem\",\"position\":2,\"name\":\"METHODE\"}]},{\"@type\":\"WebSite\",\"@id\":\"https:\/\/www.klaus-wienert.de\/cms\/#website\",\"url\":\"https:\/\/www.klaus-wienert.de\/cms\/\",\"name\":\"Klaus Wienert\",\"description\":\"Licht-Gesundheit-Energie Zentrum\",\"potentialAction\":[{\"@type\":\"SearchAction\",\"target\":{\"@type\":\"EntryPoint\",\"urlTemplate\":\"https:\/\/www.klaus-wienert.de\/cms\/?s={search_term_string}\"},\"query-input\":{\"@type\":\"PropertyValueSpecification\",\"valueRequired\":true,\"valueName\":\"search_term_string\"}}],\"inLanguage\":\"de\"}]}<\/script>\n<!-- \/ Yoast SEO plugin. -->","yoast_head_json":{"title":"METHODE - Klaus Wienert","description":"Ich arbeite mit folgenden Methoden: Kinesiologie, Systemischem Denken und Systemischen Aufstellungen, der Methode Klaus Wienert","robots":{"index":"index","follow":"follow","max-snippet":"max-snippet:-1","max-image-preview":"max-image-preview:large","max-video-preview":"max-video-preview:-1"},"canonical":"https:\/\/www.klaus-wienert.de\/cms\/methode\/","og_locale":"de_DE","og_type":"article","og_title":"METHODE - Klaus Wienert","og_description":"Ich arbeite mit folgenden Methoden: Kinesiologie, Systemischem Denken und Systemischen Aufstellungen, der Methode Klaus Wienert","og_url":"https:\/\/www.klaus-wienert.de\/cms\/methode\/","og_site_name":"Klaus Wienert","article_modified_time":"2016-03-01T11:54:03+00:00","og_image":[{"url":"https:\/\/www.klaus-wienert.de\/cms\/wp-content\/uploads\/2016\/02\/foto-kw-haende-300x300.jpg","type":"","width":"","height":""}],"twitter_card":"summary_large_image","twitter_misc":{"Gesch\u00e4tzte Lesezeit":"3\u00a0Minuten"},"schema":{"@context":"https:\/\/schema.org","@graph":[{"@type":"WebPage","@id":"https:\/\/www.klaus-wienert.de\/cms\/methode\/","url":"https:\/\/www.klaus-wienert.de\/cms\/methode\/","name":"METHODE - Klaus Wienert","isPartOf":{"@id":"https:\/\/www.klaus-wienert.de\/cms\/#website"},"primaryImageOfPage":{"@id":"https:\/\/www.klaus-wienert.de\/cms\/methode\/#primaryimage"},"image":{"@id":"https:\/\/www.klaus-wienert.de\/cms\/methode\/#primaryimage"},"thumbnailUrl":"https:\/\/www.klaus-wienert.de\/cms\/wp-content\/uploads\/2016\/02\/foto-kw-haende-300x300.jpg","datePublished":"2015-12-10T12:35:36+00:00","dateModified":"2016-03-01T11:54:03+00:00","description":"Ich arbeite mit folgenden Methoden: Kinesiologie, Systemischem Denken und Systemischen Aufstellungen, der Methode Klaus Wienert","breadcrumb":{"@id":"https:\/\/www.klaus-wienert.de\/cms\/methode\/#breadcrumb"},"inLanguage":"de","potentialAction":[{"@type":"ReadAction","target":["https:\/\/www.klaus-wienert.de\/cms\/methode\/"]}]},{"@type":"ImageObject","inLanguage":"de","@id":"https:\/\/www.klaus-wienert.de\/cms\/methode\/#primaryimage","url":"https:\/\/www.klaus-wienert.de\/cms\/wp-content\/uploads\/2016\/02\/foto-kw-haende.jpg","contentUrl":"https:\/\/www.klaus-wienert.de\/cms\/wp-content\/uploads\/2016\/02\/foto-kw-haende.jpg","width":500,"height":500},{"@type":"BreadcrumbList","@id":"https:\/\/www.klaus-wienert.de\/cms\/methode\/#breadcrumb","itemListElement":[{"@type":"ListItem","position":1,"name":"Home","item":"https:\/\/www.klaus-wienert.de\/cms\/"},{"@type":"ListItem","position":2,"name":"METHODE"}]},{"@type":"WebSite","@id":"https:\/\/www.klaus-wienert.de\/cms\/#website","url":"https:\/\/www.klaus-wienert.de\/cms\/","name":"Klaus Wienert","description":"Licht-Gesundheit-Energie Zentrum","potentialAction":[{"@type":"SearchAction","target":{"@type":"EntryPoint","urlTemplate":"https:\/\/www.klaus-wienert.de\/cms\/?s={search_term_string}"},"query-input":{"@type":"PropertyValueSpecification","valueRequired":true,"valueName":"search_term_string"}}],"inLanguage":"de"}]}},"_links":{"self":[{"href":"https:\/\/www.klaus-wienert.de\/cms\/wp-json\/wp\/v2\/pages\/352","targetHints":{"allow":["GET"]}}],"collection":[{"href":"https:\/\/www.klaus-wienert.de\/cms\/wp-json\/wp\/v2\/pages"}],"about":[{"href":"https:\/\/www.klaus-wienert.de\/cms\/wp-json\/wp\/v2\/types\/page"}],"author":[{"embeddable":true,"href":"https:\/\/www.klaus-wienert.de\/cms\/wp-json\/wp\/v2\/users\/1"}],"replies":[{"embeddable":true,"href":"https:\/\/www.klaus-wienert.de\/cms\/wp-json\/wp\/v2\/comments?post=352"}],"version-history":[{"count":17,"href":"https:\/\/www.klaus-wienert.de\/cms\/wp-json\/wp\/v2\/pages\/352\/revisions"}],"predecessor-version":[{"id":590,"href":"https:\/\/www.klaus-wienert.de\/cms\/wp-json\/wp\/v2\/pages\/352\/revisions\/590"}],"wp:attachment":[{"href":"https:\/\/www.klaus-wienert.de\/cms\/wp-json\/wp\/v2\/media?parent=352"}],"curies":[{"name":"wp","href":"https:\/\/api.w.org\/{rel}","templated":true}]}}