{"id":330,"date":"2015-12-10T11:08:49","date_gmt":"2015-12-10T10:08:49","guid":{"rendered":"http:\/\/www.klaus-wienert.de\/cms\/?page_id=330"},"modified":"2016-03-01T13:09:07","modified_gmt":"2016-03-01T12:09:07","slug":"vortraege","status":"publish","type":"page","link":"https:\/\/www.klaus-wienert.de\/cms\/vortraege\/","title":{"rendered":"Vortr\u00e4ge"},"content":{"rendered":"<p><img loading=\"lazy\" decoding=\"async\" class=\"alignleft wp-image-440 size-medium\" src=\"https:\/\/www.klaus-wienert.de\/cms\/wp-content\/uploads\/2016\/02\/foto-klaus-wienert-vortrag-300x300.jpg\" alt=\"Klaus Wienert Vortr\u00e4ge\" width=\"300\" height=\"300\" srcset=\"https:\/\/www.klaus-wienert.de\/cms\/wp-content\/uploads\/2016\/02\/foto-klaus-wienert-vortrag-300x300.jpg 300w, https:\/\/www.klaus-wienert.de\/cms\/wp-content\/uploads\/2016\/02\/foto-klaus-wienert-vortrag.jpg 500w\" sizes=\"auto, (max-width: 300px) 100vw, 300px\" \/><\/p>\n<p>&nbsp;<\/p>\n<p>Zu folgenden Themen k\u00f6nnen Sie Vortr\u00e4ge besuchen oder diese f\u00fcr Ihren Anlass buchen:<\/p>\n<p><strong><a href=\"#mib\">\u2022 Matrix in Balance Kinesiologie<\/a><\/strong><br \/>\n<strong><a href=\"#tfh\">\u2022 Touch for Health \u2013 Gesund durch Ber\u00fchren<\/a><\/strong><br \/>\n<strong><a href=\"#sys\">\u2022 Systemisch-Kinesiologische Familien-<br \/>\nund Organisations-Aufstellungen<\/a><\/strong><br \/>\n<strong><a href=\"#firmen\">\u2022 weitere Firmen Inhouse Impuls-Vortr\u00e4ge<\/a><\/strong><\/p>\n<p>&nbsp;<br \/>\n<a name=\"mib\"><\/a><\/p>\n<hr \/>\n<p>&nbsp;<\/p>\n<h1>Matrix in Balance Kinesiologie<br \/>\nVer\u00e4ndern Sie Ihr Energiemuster \u2013 ver\u00e4ndern Sie Ihr Leben!<\/h1>\n<p><strong>Sie erfahren<\/strong><\/p>\n<ul style=\"list-style-type: disc;\">\n<li>was es bedeutet selbsterm\u00e4chtigt zu leben<\/li>\n<li>wie Sie emotionalen, mentalen &amp; physischen Stress effektiv abbauen<\/li>\n<li>wie Sie eine bessere Gesundheit erlangen<\/li>\n<li>\u00fcber M\u00f6glichkeiten, Energie &amp; Lebensfreude f\u00fcr Ihr t\u00e4gliches Leben zu aktivieren<\/li>\n<li>wie Sie einschr\u00e4nkende Muster in Erfolg verwandeln<\/li>\n<li>welche M\u00f6glichkeiten es in Bezug auf Lernschw\u00e4chen gibt<\/li>\n<li>was es bedeutet Ihre Potenziale zu entwickeln<\/li>\n<li>wie Sie Ihr Selbstbewusstsein, Selbstvertrauen, Selbstwirksamkeit erh\u00f6hen<\/li>\n<\/ul>\n<p>Lernen Sie die 7 Ebenen der Selbsterm\u00e4chtigung kennen. Sagen Sie \u201eJa\u201c zu sich und zu Ihrem Leben.<\/p>\n<p>Lassen Sie sich \u00fcberraschen, welchen Einfluss kinesiologische Balancen auf Ihr Wohlergehen haben. Der \u201eMuskeltest\u201c wird mit Teilnehmern demonstriert. Einfache und effektive Selbsthilfetechniken runden den Abend ab.<\/p>\n<p>Zudem informieren wir Sie \u00fcber Anwendungsm\u00f6glichkeiten der Kinesiologie, Seminare &amp; Ausbildung.<br \/>\n<a name=\"tfh\"><\/a><\/p>\n<hr \/>\n<p>&nbsp;<\/p>\n<h1>Touch for Health \u2013 Gesund durch Ber\u00fchren<br \/>\nIhr Energiesystem in Balance<\/h1>\n<p>Touch for Health ist eine ganzheitliche Methode der Kinesiologie, um Unausgewogenheiten im Energiesystem der Menschen auszubalancieren und dadurch ein h\u00f6heres Niveau des k\u00f6rperlichen, mentalen und emotionalen Wohlbefindens zu erlangen.<\/p>\n<ul style=\"list-style-type: disc;\">\n<li>Entstehung und Philosophie der Kinesiologie<\/li>\n<li>Der Muskeltest \u2013 erleben Sie ihn an praktischen Beispielen<\/li>\n<li>Die Triade der Gesundheit \u2013 in Balance mit allen Aspekten<\/li>\n<li>Mit Meridianen und Reflexpunkten den K\u00f6rper und die Lebensenergie st\u00e4rken<\/li>\n<li>Emotionaler Stressabbau<\/li>\n<li>Durch 14 Muskeltest-Zielbalance \u2013 leichter Ihre Vorhaben umsetzen und Ziele erreichen<\/li>\n<\/ul>\n<p>Zudem informieren wir Sie \u00fcber Anwendungsm\u00f6glichkeiten der Kinesiologie, Seminare &amp; Ausbildung.<br \/>\n<a name=\"sys\"><\/a><\/p>\n<hr \/>\n<p>&nbsp;<\/p>\n<h1>Systemisch-Kinesiologische<br \/>\nFamilien- und Organisations-Aufstellungen<\/h1>\n<p>Kinesiologische Aufstellungen sind ein \u00e4u\u00dferst effektives Mittel, verdeckte Konflikte, Verstrickungen und Probleme klar ans Licht zu bringen und in kraftvolle L\u00f6sungsm\u00f6glichkeiten zu verwandeln.<\/p>\n<ul style=\"list-style-type: disc;\">\n<li>Lebensreise<\/li>\n<li>Was sind systemische Aufstellungen?<\/li>\n<li>Wie funktionieren Aufstellungen?<\/li>\n<li>Was ist ein Systemisch und was bedeutet systemisch?<\/li>\n<li>F\u00fcr wen sind systemische Aufstellungen geeignet?<\/li>\n<li>Systemische Dynamiken und wie sie in Familien und Unternehmen wirken<\/li>\n<li>Aufl\u00f6sungen von Verstrickungen, Blockaden und fehlernder Ordnung<\/li>\n<li>Wie k\u00f6nnen Aufstellungen in Unternehmen und Business eingesetzt werden?<\/li>\n<li>Aufstellungen in Gruppen und in 1:1 Arbeit<\/li>\n<\/ul>\n<p>\u201eEs k\u00f6nnte so vieles einfacher sein, wenn wir mehr und mehr systemische Zusammenh\u00e4nge verstehen und sehen w\u00fcrden.\u201c<br \/>\n<a name=\"firmen\"><\/a><\/p>\n<hr \/>\n<p>&nbsp;<\/p>\n<h1>Firmen Inhouse Impuls-Vortr\u00e4ge<\/h1>\n<p>In Ihrer Firma \/ Unternehmen \/ Institution besteht zudem die M\u00f6glichkeit Impuls-Vortr\u00e4ge zu folgenden Themen stattfinden zu lassen:<\/p>\n<ul style=\"list-style-type: disc;\">\n<li>Erfolg<\/li>\n<li>Durch Stressabbau zu besserer Performance<\/li>\n<li>Systemische Organisations-, Business- und Erfolgs-Aufstellungen<\/li>\n<\/ul>\n<p>&nbsp;<\/p>\n<hr \/>\n<p>&nbsp;<\/p>\n<p><strong><img loading=\"lazy\" decoding=\"async\" class=\"alignright size-medium wp-image-228\" src=\"https:\/\/www.klaus-wienert.de\/cms\/wp-content\/uploads\/2015\/12\/zentrum_04-300x248.jpg\" alt=\"Klaus Wienert\" width=\"300\" height=\"248\" srcset=\"https:\/\/www.klaus-wienert.de\/cms\/wp-content\/uploads\/2015\/12\/zentrum_04-300x248.jpg 300w, https:\/\/www.klaus-wienert.de\/cms\/wp-content\/uploads\/2015\/12\/zentrum_04.jpg 600w\" sizes=\"auto, (max-width: 300px) 100vw, 300px\" \/><\/strong><strong>Aktuelle Vortragstermine und Themen unter:<\/strong><br \/>\n<a href=\"http:\/\/www.licht-gesundheit-energie.de\/cms\/index.php?page=1647780231&amp;f=1&amp;i=2142853943&amp;s=1647780231\" target=\"_blank\">www.licht-gesundheit-energie.de\/Vortr\u00e4ge <\/a><\/p>\n<p><strong>Kontakt und Buchung:<\/strong><br \/>\nLicht &#8211; Gesundheit &#8211; Energie Zentrum<br \/>\nDrosselgasse 6<br \/>\n82166 Gr\u00e4felfing \/ M\u00fcnchen<br \/>\nTel.: 089 &#8211; 89 86 77 80<br \/>\nFax: 089 &#8211; 89 86 77 877<br \/>\n<a href=\"mailto:info@licht-gesundheit-energie.de\">info@licht-gesundheit-energie.de<\/a><br \/>\nwww.klaus-wienert.de<br \/>\nwww.licht-gesundheit-energie.de<\/p>\n<p><strong>B\u00fcrozeiten<\/strong><br \/>\nMontag bis Freitag: 9:00 \u2013 12:00 Uhr<br \/>\nDienstag und Donnerstag: 14:00 \u2013 17:00 Uhr<\/p>\n","protected":false},"excerpt":{"rendered":"<p>&nbsp; Zu folgenden Themen k\u00f6nnen Sie Vortr\u00e4ge besuchen oder diese f\u00fcr Ihren Anlass buchen: \u2022 Matrix in Balance Kinesiologie \u2022 Touch for Health \u2013 Gesund durch Ber\u00fchren \u2022 Systemisch-Kinesiologische Familien- und Organisations-Aufstellungen \u2022 weitere Firmen Inhouse Impuls-Vortr\u00e4ge &nbsp; &nbsp; Matrix in Balance Kinesiologie Ver\u00e4ndern Sie Ihr Energiemuster \u2013 ver\u00e4ndern Sie Ihr Leben! Sie erfahren was [&hellip;]<\/p>\n","protected":false},"author":1,"featured_media":0,"parent":0,"menu_order":0,"comment_status":"closed","ping_status":"closed","template":"","meta":{"footnotes":""},"class_list":["post-330","page","type-page","status-publish","hentry","post"],"yoast_head":"<!-- This site is optimized with the Yoast SEO plugin v26.8 - https:\/\/yoast.com\/product\/yoast-seo-wordpress\/ -->\n<title>Vortr\u00e4ge - Klaus Wienert<\/title>\n<meta name=\"description\" content=\"Die Themen: Matrix in Balance, Touch for Health , Systemisch-Kinesiologische Familien- und Organisations-Aufstellungen, Firmen Inhouse Impuls-Vortr\u00e4ge\" \/>\n<meta name=\"robots\" content=\"index, follow, max-snippet:-1, max-image-preview:large, max-video-preview:-1\" \/>\n<link rel=\"canonical\" href=\"https:\/\/www.klaus-wienert.de\/cms\/vortraege\/\" \/>\n<meta property=\"og:locale\" content=\"de_DE\" \/>\n<meta property=\"og:type\" content=\"article\" \/>\n<meta property=\"og:title\" content=\"Vortr\u00e4ge - Klaus Wienert\" \/>\n<meta property=\"og:description\" content=\"Die Themen: Matrix in Balance, Touch for Health , Systemisch-Kinesiologische Familien- und Organisations-Aufstellungen, Firmen Inhouse Impuls-Vortr\u00e4ge\" \/>\n<meta property=\"og:url\" content=\"https:\/\/www.klaus-wienert.de\/cms\/vortraege\/\" \/>\n<meta property=\"og:site_name\" content=\"Klaus Wienert\" \/>\n<meta property=\"article:modified_time\" content=\"2016-03-01T12:09:07+00:00\" \/>\n<meta property=\"og:image\" content=\"https:\/\/www.klaus-wienert.de\/cms\/wp-content\/uploads\/2016\/02\/foto-klaus-wienert-vortrag-300x300.jpg\" \/>\n<meta name=\"twitter:card\" content=\"summary_large_image\" \/>\n<meta name=\"twitter:label1\" content=\"Gesch\u00e4tzte Lesezeit\" \/>\n\t<meta name=\"twitter:data1\" content=\"2\u00a0Minuten\" \/>\n<script type=\"application\/ld+json\" class=\"yoast-schema-graph\">{\"@context\":\"https:\/\/schema.org\",\"@graph\":[{\"@type\":\"WebPage\",\"@id\":\"https:\/\/www.klaus-wienert.de\/cms\/vortraege\/\",\"url\":\"https:\/\/www.klaus-wienert.de\/cms\/vortraege\/\",\"name\":\"Vortr\u00e4ge - Klaus Wienert\",\"isPartOf\":{\"@id\":\"https:\/\/www.klaus-wienert.de\/cms\/#website\"},\"primaryImageOfPage\":{\"@id\":\"https:\/\/www.klaus-wienert.de\/cms\/vortraege\/#primaryimage\"},\"image\":{\"@id\":\"https:\/\/www.klaus-wienert.de\/cms\/vortraege\/#primaryimage\"},\"thumbnailUrl\":\"https:\/\/www.klaus-wienert.de\/cms\/wp-content\/uploads\/2016\/02\/foto-klaus-wienert-vortrag-300x300.jpg\",\"datePublished\":\"2015-12-10T10:08:49+00:00\",\"dateModified\":\"2016-03-01T12:09:07+00:00\",\"description\":\"Die Themen: Matrix in Balance, Touch for Health , Systemisch-Kinesiologische Familien- und Organisations-Aufstellungen, Firmen Inhouse Impuls-Vortr\u00e4ge\",\"breadcrumb\":{\"@id\":\"https:\/\/www.klaus-wienert.de\/cms\/vortraege\/#breadcrumb\"},\"inLanguage\":\"de\",\"potentialAction\":[{\"@type\":\"ReadAction\",\"target\":[\"https:\/\/www.klaus-wienert.de\/cms\/vortraege\/\"]}]},{\"@type\":\"ImageObject\",\"inLanguage\":\"de\",\"@id\":\"https:\/\/www.klaus-wienert.de\/cms\/vortraege\/#primaryimage\",\"url\":\"https:\/\/www.klaus-wienert.de\/cms\/wp-content\/uploads\/2016\/02\/foto-klaus-wienert-vortrag.jpg\",\"contentUrl\":\"https:\/\/www.klaus-wienert.de\/cms\/wp-content\/uploads\/2016\/02\/foto-klaus-wienert-vortrag.jpg\",\"width\":500,\"height\":500},{\"@type\":\"BreadcrumbList\",\"@id\":\"https:\/\/www.klaus-wienert.de\/cms\/vortraege\/#breadcrumb\",\"itemListElement\":[{\"@type\":\"ListItem\",\"position\":1,\"name\":\"Home\",\"item\":\"https:\/\/www.klaus-wienert.de\/cms\/\"},{\"@type\":\"ListItem\",\"position\":2,\"name\":\"Vortr\u00e4ge\"}]},{\"@type\":\"WebSite\",\"@id\":\"https:\/\/www.klaus-wienert.de\/cms\/#website\",\"url\":\"https:\/\/www.klaus-wienert.de\/cms\/\",\"name\":\"Klaus Wienert\",\"description\":\"Licht-Gesundheit-Energie Zentrum\",\"potentialAction\":[{\"@type\":\"SearchAction\",\"target\":{\"@type\":\"EntryPoint\",\"urlTemplate\":\"https:\/\/www.klaus-wienert.de\/cms\/?s={search_term_string}\"},\"query-input\":{\"@type\":\"PropertyValueSpecification\",\"valueRequired\":true,\"valueName\":\"search_term_string\"}}],\"inLanguage\":\"de\"}]}<\/script>\n<!-- \/ Yoast SEO plugin. -->","yoast_head_json":{"title":"Vortr\u00e4ge - Klaus Wienert","description":"Die Themen: Matrix in Balance, Touch for Health , Systemisch-Kinesiologische Familien- und Organisations-Aufstellungen, Firmen Inhouse Impuls-Vortr\u00e4ge","robots":{"index":"index","follow":"follow","max-snippet":"max-snippet:-1","max-image-preview":"max-image-preview:large","max-video-preview":"max-video-preview:-1"},"canonical":"https:\/\/www.klaus-wienert.de\/cms\/vortraege\/","og_locale":"de_DE","og_type":"article","og_title":"Vortr\u00e4ge - Klaus Wienert","og_description":"Die Themen: Matrix in Balance, Touch for Health , Systemisch-Kinesiologische Familien- und Organisations-Aufstellungen, Firmen Inhouse Impuls-Vortr\u00e4ge","og_url":"https:\/\/www.klaus-wienert.de\/cms\/vortraege\/","og_site_name":"Klaus Wienert","article_modified_time":"2016-03-01T12:09:07+00:00","og_image":[{"url":"https:\/\/www.klaus-wienert.de\/cms\/wp-content\/uploads\/2016\/02\/foto-klaus-wienert-vortrag-300x300.jpg","type":"","width":"","height":""}],"twitter_card":"summary_large_image","twitter_misc":{"Gesch\u00e4tzte Lesezeit":"2\u00a0Minuten"},"schema":{"@context":"https:\/\/schema.org","@graph":[{"@type":"WebPage","@id":"https:\/\/www.klaus-wienert.de\/cms\/vortraege\/","url":"https:\/\/www.klaus-wienert.de\/cms\/vortraege\/","name":"Vortr\u00e4ge - Klaus Wienert","isPartOf":{"@id":"https:\/\/www.klaus-wienert.de\/cms\/#website"},"primaryImageOfPage":{"@id":"https:\/\/www.klaus-wienert.de\/cms\/vortraege\/#primaryimage"},"image":{"@id":"https:\/\/www.klaus-wienert.de\/cms\/vortraege\/#primaryimage"},"thumbnailUrl":"https:\/\/www.klaus-wienert.de\/cms\/wp-content\/uploads\/2016\/02\/foto-klaus-wienert-vortrag-300x300.jpg","datePublished":"2015-12-10T10:08:49+00:00","dateModified":"2016-03-01T12:09:07+00:00","description":"Die Themen: Matrix in Balance, Touch for Health , Systemisch-Kinesiologische Familien- und Organisations-Aufstellungen, Firmen Inhouse Impuls-Vortr\u00e4ge","breadcrumb":{"@id":"https:\/\/www.klaus-wienert.de\/cms\/vortraege\/#breadcrumb"},"inLanguage":"de","potentialAction":[{"@type":"ReadAction","target":["https:\/\/www.klaus-wienert.de\/cms\/vortraege\/"]}]},{"@type":"ImageObject","inLanguage":"de","@id":"https:\/\/www.klaus-wienert.de\/cms\/vortraege\/#primaryimage","url":"https:\/\/www.klaus-wienert.de\/cms\/wp-content\/uploads\/2016\/02\/foto-klaus-wienert-vortrag.jpg","contentUrl":"https:\/\/www.klaus-wienert.de\/cms\/wp-content\/uploads\/2016\/02\/foto-klaus-wienert-vortrag.jpg","width":500,"height":500},{"@type":"BreadcrumbList","@id":"https:\/\/www.klaus-wienert.de\/cms\/vortraege\/#breadcrumb","itemListElement":[{"@type":"ListItem","position":1,"name":"Home","item":"https:\/\/www.klaus-wienert.de\/cms\/"},{"@type":"ListItem","position":2,"name":"Vortr\u00e4ge"}]},{"@type":"WebSite","@id":"https:\/\/www.klaus-wienert.de\/cms\/#website","url":"https:\/\/www.klaus-wienert.de\/cms\/","name":"Klaus Wienert","description":"Licht-Gesundheit-Energie Zentrum","potentialAction":[{"@type":"SearchAction","target":{"@type":"EntryPoint","urlTemplate":"https:\/\/www.klaus-wienert.de\/cms\/?s={search_term_string}"},"query-input":{"@type":"PropertyValueSpecification","valueRequired":true,"valueName":"search_term_string"}}],"inLanguage":"de"}]}},"_links":{"self":[{"href":"https:\/\/www.klaus-wienert.de\/cms\/wp-json\/wp\/v2\/pages\/330","targetHints":{"allow":["GET"]}}],"collection":[{"href":"https:\/\/www.klaus-wienert.de\/cms\/wp-json\/wp\/v2\/pages"}],"about":[{"href":"https:\/\/www.klaus-wienert.de\/cms\/wp-json\/wp\/v2\/types\/page"}],"author":[{"embeddable":true,"href":"https:\/\/www.klaus-wienert.de\/cms\/wp-json\/wp\/v2\/users\/1"}],"replies":[{"embeddable":true,"href":"https:\/\/www.klaus-wienert.de\/cms\/wp-json\/wp\/v2\/comments?post=330"}],"version-history":[{"count":25,"href":"https:\/\/www.klaus-wienert.de\/cms\/wp-json\/wp\/v2\/pages\/330\/revisions"}],"predecessor-version":[{"id":595,"href":"https:\/\/www.klaus-wienert.de\/cms\/wp-json\/wp\/v2\/pages\/330\/revisions\/595"}],"wp:attachment":[{"href":"https:\/\/www.klaus-wienert.de\/cms\/wp-json\/wp\/v2\/media?parent=330"}],"curies":[{"name":"wp","href":"https:\/\/api.w.org\/{rel}","templated":true}]}}